{"id":2162,"date":"2017-09-30T21:00:10","date_gmt":"2017-10-01T01:00:10","guid":{"rendered":"https:\/\/glycovax.com\/glycovax-pharma\/"},"modified":"2025-06-08T11:49:51","modified_gmt":"2025-06-08T15:49:51","slug":"glycovax-pharma","status":"publish","type":"page","link":"https:\/\/glycovax.com\/fr\/","title":{"rendered":"Glycovax Pharma"},"content":{"rendered":"\n\n\t\t\t\t<a href=\"https:\/\/glycovax.com\/staging\/fr\/au-sujet-de-glycovax-pharma\/\"  target=\"_self\" itemprop=\"url\">\n\t\t\t\t<img loading=\"lazy\" decoding=\"async\" src=\"http:\/\/glycovax.com\/staging\/wp-content\/uploads\/2024\/12\/Glycovax-Pharma-horizontal-couleur.svg\" alt=\"Glycovax Pharma Logo\" itemprop=\"image\" height=\"0\" width=\"0\" title=\"Glycovax Pharma Logo\" onerror=\"this.style.display='none'\"  \/>\n\t\t\t\t<\/a>\n\t\t<h3><a href=\"https:\/\/glycovax.com\/staging\/fr\/au-sujet-de-glycovax-pharma\/\" target=\"_self\">Quand la science rencontre l&rsquo;innovation<\/a><\/h3><p>Derri\u00e8re chaque perc\u00e9e, se cache une \u00e9quipe d&rsquo;experts qui repoussent les limites de la recherche sur les vaccins. D\u00e9couvrez notre histoire et voyez comment nous faisons la diff\u00e9rence en mati\u00e8re de sant\u00e9 mondiale.<\/p>\n\t\t\t<a href=\"https:\/\/glycovax.com\/staging\/fr\/au-sujet-de-glycovax-pharma\/\" target=\"_self\">\n\t\t\t\t\t\t\tD\u00e9couvrez notre vision\n\t\t\t\t\t<\/a>\n<h3>\n\t\tR\u00e9volutionner les vaccins gr\u00e2ce \u00e0 la glycoing\u00e9nierie\n\t<\/h3>\n\t<p>Notre glyco-technologie de pointe am\u00e9liore l&rsquo;efficacit\u00e9, la stabilit\u00e9 et la s\u00e9curit\u00e9 des vaccins. Plongez dans la science qui est \u00e0 l&rsquo;origine de nos perc\u00e9es et qui distingue Glycovax. <\/p>\n\t\t\t<a href=\"https:\/\/glycovax.com\/staging\/fr\/technologie-de-glycovax-pharma\/\" target=\"_self\">\n\t\t\t\t\t\t\tExplorez notre technologie\n\t\t\t\t\t<\/a>\n\n","protected":false},"excerpt":{"rendered":"<p>Quand la science rencontre l&rsquo;innovation Derri\u00e8re chaque perc\u00e9e, se cache une \u00e9quipe d&rsquo;experts qui repoussent les limites de la recherche sur les vaccins. D\u00e9couvrez notre histoire et voyez comment nous faisons la diff\u00e9rence en mati\u00e8re de sant\u00e9 mondiale. D\u00e9couvrez notre vision R\u00e9volutionner les vaccins gr\u00e2ce \u00e0 la glycoing\u00e9nierie Notre glyco-technologie de pointe am\u00e9liore l&rsquo;efficacit\u00e9, la&hellip;<\/p>\n","protected":false},"author":1,"featured_media":2373,"parent":0,"menu_order":10,"comment_status":"closed","ping_status":"closed","template":"","meta":{"_acf_changed":false,"footnotes":""},"class_list":["post-2162","page","type-page","status-publish","has-post-thumbnail","hentry"],"acf":[],"yoast_head":"<!-- This site is optimized with the Yoast SEO plugin v27.4 - https:\/\/yoast.com\/product\/yoast-seo-wordpress\/ -->\n<title>Glycovax \u2013 Vaccins conjugu\u00e9s de nouvelle g\u00e9n\u00e9ration<\/title>\n<meta name=\"description\" content=\"Glycovax d\u00e9veloppe des vaccins conjugu\u00e9s innovants pour pr\u00e9venir les infections et am\u00e9liorer la sant\u00e9 mondiale.\" \/>\n<meta name=\"robots\" content=\"index, follow, max-snippet:-1, max-image-preview:large, max-video-preview:-1\" \/>\n<link rel=\"canonical\" href=\"https:\/\/glycovax.com\/fr\/\" \/>\n<meta property=\"og:locale\" content=\"fr_FR\" \/>\n<meta property=\"og:type\" content=\"article\" \/>\n<meta property=\"og:title\" content=\"Glycovax \u2013 Vaccins conjugu\u00e9s de nouvelle g\u00e9n\u00e9ration\" \/>\n<meta property=\"og:description\" content=\"Glycovax d\u00e9veloppe des vaccins conjugu\u00e9s innovants pour pr\u00e9venir les infections et am\u00e9liorer la sant\u00e9 mondiale.\" \/>\n<meta property=\"og:url\" content=\"https:\/\/glycovax.com\/fr\/\" \/>\n<meta property=\"og:site_name\" content=\"Glycovax Pharma\" \/>\n<meta property=\"article:modified_time\" content=\"2025-06-08T15:49:51+00:00\" \/>\n<meta property=\"og:image\" content=\"https:\/\/glycovax.com\/wp-content\/uploads\/2025\/06\/Glycovax-facebook-v2.jpg\" \/>\n\t<meta property=\"og:image:width\" content=\"1200\" \/>\n\t<meta property=\"og:image:height\" content=\"675\" \/>\n\t<meta property=\"og:image:type\" content=\"image\/jpeg\" \/>\n<meta name=\"twitter:card\" content=\"summary_large_image\" \/>\n<meta name=\"twitter:label1\" content=\"Dur\u00e9e de lecture estim\u00e9e\" \/>\n\t<meta name=\"twitter:data1\" content=\"1 minute\" \/>\n<script type=\"application\/ld+json\" class=\"yoast-schema-graph\">{\"@context\":\"https:\\\/\\\/schema.org\",\"@graph\":[{\"@type\":\"WebPage\",\"@id\":\"https:\\\/\\\/glycovax.com\\\/fr\\\/\",\"url\":\"https:\\\/\\\/glycovax.com\\\/fr\\\/\",\"name\":\"Glycovax \u2013 Vaccins conjugu\u00e9s de nouvelle g\u00e9n\u00e9ration\",\"isPartOf\":{\"@id\":\"https:\\\/\\\/glycovax.com\\\/fr\\\/#website\"},\"primaryImageOfPage\":{\"@id\":\"https:\\\/\\\/glycovax.com\\\/fr\\\/#primaryimage\"},\"image\":{\"@id\":\"https:\\\/\\\/glycovax.com\\\/fr\\\/#primaryimage\"},\"thumbnailUrl\":\"https:\\\/\\\/glycovax.com\\\/wp-content\\\/uploads\\\/2025\\\/04\\\/Glycovax-Pharma-carre.png\",\"datePublished\":\"2017-10-01T01:00:10+00:00\",\"dateModified\":\"2025-06-08T15:49:51+00:00\",\"description\":\"Glycovax d\u00e9veloppe des vaccins conjugu\u00e9s innovants pour pr\u00e9venir les infections et am\u00e9liorer la sant\u00e9 mondiale.\",\"breadcrumb\":{\"@id\":\"https:\\\/\\\/glycovax.com\\\/fr\\\/#breadcrumb\"},\"inLanguage\":\"fr-FR\",\"potentialAction\":[{\"@type\":\"ReadAction\",\"target\":[\"https:\\\/\\\/glycovax.com\\\/fr\\\/\"]}]},{\"@type\":\"ImageObject\",\"inLanguage\":\"fr-FR\",\"@id\":\"https:\\\/\\\/glycovax.com\\\/fr\\\/#primaryimage\",\"url\":\"https:\\\/\\\/glycovax.com\\\/wp-content\\\/uploads\\\/2025\\\/04\\\/Glycovax-Pharma-carre.png\",\"contentUrl\":\"https:\\\/\\\/glycovax.com\\\/wp-content\\\/uploads\\\/2025\\\/04\\\/Glycovax-Pharma-carre.png\",\"width\":1200,\"height\":1200,\"caption\":\"Glycovax Pharma\"},{\"@type\":\"BreadcrumbList\",\"@id\":\"https:\\\/\\\/glycovax.com\\\/fr\\\/#breadcrumb\",\"itemListElement\":[{\"@type\":\"ListItem\",\"position\":1,\"name\":\"Home\",\"item\":\"https:\\\/\\\/glycovax.com\\\/fr\\\/\"},{\"@type\":\"ListItem\",\"position\":2,\"name\":\"Glycovax Pharma\"}]},{\"@type\":\"WebSite\",\"@id\":\"https:\\\/\\\/glycovax.com\\\/fr\\\/#website\",\"url\":\"https:\\\/\\\/glycovax.com\\\/fr\\\/\",\"name\":\"Glycovax Pharma\",\"description\":\"Saving millions of lives by using the power of advanced medical nanotechnology.\",\"publisher\":{\"@id\":\"https:\\\/\\\/glycovax.com\\\/fr\\\/#organization\"},\"alternateName\":\"Glycovax\",\"potentialAction\":[{\"@type\":\"SearchAction\",\"target\":{\"@type\":\"EntryPoint\",\"urlTemplate\":\"https:\\\/\\\/glycovax.com\\\/fr\\\/?s={search_term_string}\"},\"query-input\":{\"@type\":\"PropertyValueSpecification\",\"valueRequired\":true,\"valueName\":\"search_term_string\"}}],\"inLanguage\":\"fr-FR\"},{\"@type\":\"Organization\",\"@id\":\"https:\\\/\\\/glycovax.com\\\/fr\\\/#organization\",\"name\":\"Glycovax Pharma\",\"alternateName\":\"Glycovax\",\"url\":\"https:\\\/\\\/glycovax.com\\\/fr\\\/\",\"logo\":{\"@type\":\"ImageObject\",\"inLanguage\":\"fr-FR\",\"@id\":\"https:\\\/\\\/glycovax.com\\\/fr\\\/#\\\/schema\\\/logo\\\/image\\\/\",\"url\":\"https:\\\/\\\/glycovax.com\\\/wp-content\\\/uploads\\\/2025\\\/04\\\/Glycovax-Pharma-carre.png\",\"contentUrl\":\"https:\\\/\\\/glycovax.com\\\/wp-content\\\/uploads\\\/2025\\\/04\\\/Glycovax-Pharma-carre.png\",\"width\":1200,\"height\":1200,\"caption\":\"Glycovax Pharma\"},\"image\":{\"@id\":\"https:\\\/\\\/glycovax.com\\\/fr\\\/#\\\/schema\\\/logo\\\/image\\\/\"}}]}<\/script>\n<!-- \/ Yoast SEO plugin. -->","yoast_head_json":{"title":"Glycovax \u2013 Vaccins conjugu\u00e9s de nouvelle g\u00e9n\u00e9ration","description":"Glycovax d\u00e9veloppe des vaccins conjugu\u00e9s innovants pour pr\u00e9venir les infections et am\u00e9liorer la sant\u00e9 mondiale.","robots":{"index":"index","follow":"follow","max-snippet":"max-snippet:-1","max-image-preview":"max-image-preview:large","max-video-preview":"max-video-preview:-1"},"canonical":"https:\/\/glycovax.com\/fr\/","og_locale":"fr_FR","og_type":"article","og_title":"Glycovax \u2013 Vaccins conjugu\u00e9s de nouvelle g\u00e9n\u00e9ration","og_description":"Glycovax d\u00e9veloppe des vaccins conjugu\u00e9s innovants pour pr\u00e9venir les infections et am\u00e9liorer la sant\u00e9 mondiale.","og_url":"https:\/\/glycovax.com\/fr\/","og_site_name":"Glycovax Pharma","article_modified_time":"2025-06-08T15:49:51+00:00","og_image":[{"width":1200,"height":675,"url":"https:\/\/glycovax.com\/wp-content\/uploads\/2025\/06\/Glycovax-facebook-v2.jpg","type":"image\/jpeg"}],"twitter_card":"summary_large_image","twitter_misc":{"Dur\u00e9e de lecture estim\u00e9e":"1 minute"},"schema":{"@context":"https:\/\/schema.org","@graph":[{"@type":"WebPage","@id":"https:\/\/glycovax.com\/fr\/","url":"https:\/\/glycovax.com\/fr\/","name":"Glycovax \u2013 Vaccins conjugu\u00e9s de nouvelle g\u00e9n\u00e9ration","isPartOf":{"@id":"https:\/\/glycovax.com\/fr\/#website"},"primaryImageOfPage":{"@id":"https:\/\/glycovax.com\/fr\/#primaryimage"},"image":{"@id":"https:\/\/glycovax.com\/fr\/#primaryimage"},"thumbnailUrl":"https:\/\/glycovax.com\/wp-content\/uploads\/2025\/04\/Glycovax-Pharma-carre.png","datePublished":"2017-10-01T01:00:10+00:00","dateModified":"2025-06-08T15:49:51+00:00","description":"Glycovax d\u00e9veloppe des vaccins conjugu\u00e9s innovants pour pr\u00e9venir les infections et am\u00e9liorer la sant\u00e9 mondiale.","breadcrumb":{"@id":"https:\/\/glycovax.com\/fr\/#breadcrumb"},"inLanguage":"fr-FR","potentialAction":[{"@type":"ReadAction","target":["https:\/\/glycovax.com\/fr\/"]}]},{"@type":"ImageObject","inLanguage":"fr-FR","@id":"https:\/\/glycovax.com\/fr\/#primaryimage","url":"https:\/\/glycovax.com\/wp-content\/uploads\/2025\/04\/Glycovax-Pharma-carre.png","contentUrl":"https:\/\/glycovax.com\/wp-content\/uploads\/2025\/04\/Glycovax-Pharma-carre.png","width":1200,"height":1200,"caption":"Glycovax Pharma"},{"@type":"BreadcrumbList","@id":"https:\/\/glycovax.com\/fr\/#breadcrumb","itemListElement":[{"@type":"ListItem","position":1,"name":"Home","item":"https:\/\/glycovax.com\/fr\/"},{"@type":"ListItem","position":2,"name":"Glycovax Pharma"}]},{"@type":"WebSite","@id":"https:\/\/glycovax.com\/fr\/#website","url":"https:\/\/glycovax.com\/fr\/","name":"Glycovax Pharma","description":"Saving millions of lives by using the power of advanced medical nanotechnology.","publisher":{"@id":"https:\/\/glycovax.com\/fr\/#organization"},"alternateName":"Glycovax","potentialAction":[{"@type":"SearchAction","target":{"@type":"EntryPoint","urlTemplate":"https:\/\/glycovax.com\/fr\/?s={search_term_string}"},"query-input":{"@type":"PropertyValueSpecification","valueRequired":true,"valueName":"search_term_string"}}],"inLanguage":"fr-FR"},{"@type":"Organization","@id":"https:\/\/glycovax.com\/fr\/#organization","name":"Glycovax Pharma","alternateName":"Glycovax","url":"https:\/\/glycovax.com\/fr\/","logo":{"@type":"ImageObject","inLanguage":"fr-FR","@id":"https:\/\/glycovax.com\/fr\/#\/schema\/logo\/image\/","url":"https:\/\/glycovax.com\/wp-content\/uploads\/2025\/04\/Glycovax-Pharma-carre.png","contentUrl":"https:\/\/glycovax.com\/wp-content\/uploads\/2025\/04\/Glycovax-Pharma-carre.png","width":1200,"height":1200,"caption":"Glycovax Pharma"},"image":{"@id":"https:\/\/glycovax.com\/fr\/#\/schema\/logo\/image\/"}}]}},"_links":{"self":[{"href":"https:\/\/glycovax.com\/fr\/wp-json\/wp\/v2\/pages\/2162","targetHints":{"allow":["GET"]}}],"collection":[{"href":"https:\/\/glycovax.com\/fr\/wp-json\/wp\/v2\/pages"}],"about":[{"href":"https:\/\/glycovax.com\/fr\/wp-json\/wp\/v2\/types\/page"}],"author":[{"embeddable":true,"href":"https:\/\/glycovax.com\/fr\/wp-json\/wp\/v2\/users\/1"}],"replies":[{"embeddable":true,"href":"https:\/\/glycovax.com\/fr\/wp-json\/wp\/v2\/comments?post=2162"}],"version-history":[{"count":11,"href":"https:\/\/glycovax.com\/fr\/wp-json\/wp\/v2\/pages\/2162\/revisions"}],"predecessor-version":[{"id":2451,"href":"https:\/\/glycovax.com\/fr\/wp-json\/wp\/v2\/pages\/2162\/revisions\/2451"}],"wp:featuredmedia":[{"embeddable":true,"href":"https:\/\/glycovax.com\/fr\/wp-json\/wp\/v2\/media\/2373"}],"wp:attachment":[{"href":"https:\/\/glycovax.com\/fr\/wp-json\/wp\/v2\/media?parent=2162"}],"curies":[{"name":"wp","href":"https:\/\/api.w.org\/{rel}","templated":true}]}}