{"id":2167,"date":"2024-11-28T14:20:40","date_gmt":"2024-11-28T19:20:40","guid":{"rendered":"https:\/\/glycovax.com\/au-sujet-de-glycovax-pharma\/"},"modified":"2025-04-20T12:20:49","modified_gmt":"2025-04-20T16:20:49","slug":"au-sujet-de-glycovax-pharma","status":"publish","type":"page","link":"https:\/\/glycovax.com\/fr\/au-sujet-de-glycovax-pharma\/","title":{"rendered":"Au sujet de Glycovax Pharma"},"content":{"rendered":"\n<h1>\n\t\tAu sujet de Glycovax Pharma\n\t<\/h1>\n<h2>\n\t\tCe que nous faisons\n\t<\/h2>\n\t<p>Glycovax est une soci\u00e9t\u00e9 clinique qui d\u00e9veloppe des solutions vaccinales de nouvelle g\u00e9n\u00e9ration en exploitant des <strong>biomarqueurs glucidiques uniques<\/strong> du cancer et d&rsquo;agents pathog\u00e8nes, une source de cibles th\u00e9rapeutiques encore inexplor\u00e9e. Nous d\u00e9veloppons des technologies habilitantes pour <strong>traiter de multiples maladies<\/strong> et, parall\u00e8lement \u00e0 notre propre <strong>pipeline de vaccins \u00e0 large spectre<\/strong>, nous fournissons des \u00e9l\u00e9ments essentiels \u00e0 la <strong>communaut\u00e9 \u00e9largie des d\u00e9veloppeurs de vaccins<\/strong>, acc\u00e9l\u00e9rant ainsi l&rsquo;innovation dans les domaines de recherche de l&rsquo;oncologie et des maladies infectieuses.<\/p>\n<h2>\n\t\tQui nous sommes\n\t<\/h2>\n\t<p>Fond\u00e9e en 2016, Glycovax est dirig\u00e9e par une <strong>\u00e9quipe interdisciplinaire<\/strong> qui \u0153uvre au d\u00e9veloppement de nouveaux candidats vaccins. En travaillant avec un <strong>r\u00e9seau strat\u00e9gique<\/strong> de conseillers et de partenaires de recherche, notre <strong>plateforme \u00e9prouv\u00e9e<\/strong> a r\u00e9ussi \u00e0 livrer un vaccin glycoconjugu\u00e9 contre la <strong>COVID-19, de la conception \u00e0 un essai clinique de phase 1<\/strong>. Aujourd&rsquo;hui, n<strong>ous \u00e9largissons notre portefeuille de produits<\/strong> en utilisant notre plateforme\u00a0<em><strong>GlycoForge<\/strong><\/em> pour r\u00e9pondre \u00e0 des besoins non satisfaits en <strong>oncologie<\/strong> et quant aux <strong>maladies infectieuses<\/strong>.<\/p>\n<h2>\n\t\tNotre mission\n\t<\/h2>\n\t<p>Nous exploitons le <strong>potentiel inexploit\u00e9<\/strong> des glycosciences pour d\u00e9velopper des <strong>vaccins de nouvelle g\u00e9n\u00e9ration \u00e0 base d&rsquo;hydrates de carbone<\/strong>, ouvrant ainsi de <strong>nouvelles fronti\u00e8res<\/strong> dans la gestion du cancer et des <strong>maladies infectieuses<\/strong>. En combinant des <strong>antig\u00e8nes synth\u00e9tiques<\/strong>, des <strong>linkers personnalisables<\/strong> et des <strong>adjuvants avanc\u00e9s<\/strong>, nous fournissons des solutions <strong>s\u00fbres, efficaces et \u00e9volutives<\/strong> pour prot\u00e9ger les communaut\u00e9s du monde entier et <strong>donner aux futurs d\u00e9veloppeurs de vaccins les moyens d&rsquo;agir<\/strong>. <\/p>\n\tGlycovax Pharma\nFaire progresser la science, renforcer la sant\u00e9.\n<h2>\n\t\tLe moteur de l&rsquo;innovation : Notre \u00e9quipe\n\t<\/h2>\n<h3>\n\t\t\u00c9quipe de direction\n\t<\/h3>\n<h4>\n\t\tDany Valiquette\n\t<\/h4>\n<h5>\n\t\tFondateur, pr\u00e9sident et chef de la direction\n\t<\/h5>\n\t<p>Dany Valiquette poss\u00e8de pr\u00e8s de 30 ans d&rsquo;exp\u00e9rience en tant qu&rsquo;entrepreneur dans le d\u00e9veloppement, la <strong>structuration et la promotion d&rsquo;entreprises technologiques de grande valeur<\/strong>. Habile dans les strat\u00e9gies de propri\u00e9t\u00e9 intellectuelle et dans l&rsquo;\u00e9tablissement de liens entre la science et les affaires, il stimule la croissance de Glycovax gr\u00e2ce \u00e0 des approches novatrices, \u00e0 une solide \u00e9quipe de d\u00e9veloppement technologique et commercial, et \u00e0 un vaste r\u00e9seau professionnel. <\/p>\n\t\t\t\t<img loading=\"lazy\" decoding=\"async\" src=\"https:\/\/glycovax.com\/wp-content\/uploads\/2025\/04\/Marc-Beausoleil.jpg\" alt=\"Marc-Beausoleil\" itemprop=\"image\" height=\"480\" width=\"600\" title=\"Marc-Beausoleil\" onerror=\"this.style.display='none'\"  \/>\n<h4>\n\t\tMarc Beausoleil, M.ATDR\n\t<\/h4>\n<h5>\n\t\t Vice-pr\u00e9sident ex\u00e9cutif\n\t<\/h5>\n\t<p>Marc Beausoleil poss\u00e8de plus de 20 ans d&rsquo;exp\u00e9rience et une grande expertise dans la direction et le financement d&rsquo;entreprises technologiques. D\u00e9tenteur d&rsquo;une ma\u00eetrise en d\u00e9veloppement \u00e9conomique, il a soutenu des centaines d&rsquo;entreprises, si\u00e9g\u00e9 \u00e0 plusieurs conseils d&rsquo;administration. Il assure la performance de Glycovax par la planification strat\u00e9gique et la synergie de l&rsquo;\u00e9quipe. <\/p>\n\t\t\t\t<img loading=\"lazy\" decoding=\"async\" src=\"https:\/\/glycovax.com\/wp-content\/uploads\/2025\/04\/Yacine-Amrani.jpg\" alt=\"Yacine-Amrani\" itemprop=\"image\" height=\"480\" width=\"600\" title=\"Yacine-Amrani\" onerror=\"this.style.display='none'\"  \/>\n<h4>\n\t\tYacine Amrani, CPA\n\t<\/h4>\n<h5>\n\t\tChef de la direction financi\u00e8re\n\t<\/h5>\n\t<p>Yacine Amrani, CPA, est un directeur financier qui poss\u00e8de plus de 20 ans d&rsquo;exp\u00e9rience dans la gestion financi\u00e8re de start-ups et d&rsquo;entreprises en croissance. Poss\u00e9dant une expertise reconnue en planification financi\u00e8re et budg\u00e9taire, en contr\u00f4le des co\u00fbts et reddition de comptes, il g\u00e8re la structure et les op\u00e9rations financi\u00e8re de Glycovax. <\/p>\n\t\t\t\t<img loading=\"lazy\" decoding=\"async\" src=\"https:\/\/glycovax.com\/wp-content\/uploads\/2025\/04\/Ram-Vishwakarma-4.jpg\" alt=\"Ram-Vishwakarma-4\" itemprop=\"image\" height=\"480\" width=\"600\" title=\"Ram-Vishwakarma-4\" onerror=\"this.style.display='none'\"  \/>\n<h4>\n\t\tRam Vishwakarma, Ph.D.\n\t<\/h4>\n<h5>\n\t\tConseiller, D\u00e9couverte de m\u00e9dicaments\n\t<\/h5>\n\t<p>Ram Vishwakarma, titulaire d&rsquo;un doctorat, est un expert connu et d&rsquo;une grande notori\u00e9t\u00e9 en glycobiologie. Il poss\u00e8de plus de 30 ans d&rsquo;exp\u00e9rience en recherche, a publi\u00e9 plus de 350 articles et obtenu plus de 50 brevets. Ancien vice-pr\u00e9sident de Piramal Healthcare et directeur du CSIR-IIIM, il a fait progresser les th\u00e9rapies anticanc\u00e9reuses et virales. Aujourd&rsquo;hui conseiller en d\u00e9couverte de m\u00e9dicaments chez Glycovax, il fait le lien entre la glycobiologie et les vaccins.  <\/p>\n\t\t\t\t<img loading=\"lazy\" decoding=\"async\" src=\"https:\/\/glycovax.com\/wp-content\/uploads\/2025\/04\/Serge-Moffett.jpg\" alt=\"Serge-Moffett\" itemprop=\"image\" height=\"480\" width=\"600\" title=\"Serge-Moffett\" onerror=\"this.style.display='none'\"  \/>\n<h4>\n\t\tSerge Moffett, Ph.D.\n\t<\/h4>\n<h5>\n\t\tDirecteur &#8211; Biologie\n\t<\/h5>\n\t<p>Serge Moffett, titulaire d&rsquo;un doctorat en biochimie, poss\u00e8de plus de 24 ans d&rsquo;expertise en m\u00e9decine mol\u00e9culaire, avec une sp\u00e9cialisation en th\u00e9rapie cibl\u00e9e. Ayant acquis une large exp\u00e9rience dans tous les aspects du d\u00e9veloppement de m\u00e9dicaments, il dirige les strat\u00e9gies innovantes de Glycovax contre le cancer et les maladies infectieuses.  <\/p>\n\t\t\t\t<img loading=\"lazy\" decoding=\"async\" src=\"https:\/\/glycovax.com\/wp-content\/uploads\/2025\/04\/Tze-Chieh-Shiao.jpg\" alt=\"Tze-Chieh-Shiao\" itemprop=\"image\" height=\"480\" width=\"600\" title=\"Tze-Chieh-Shiao\" onerror=\"this.style.display='none'\"  \/>\n<h4>\n\t\tTze Chieh Shiao, M.Sc.\n\t<\/h4>\n<h5>\n\t\tDirecteur &#8211; Glycochimie et Analytique\n\t<\/h5>\n\t<p>Tze Chieh Shiao, MSc, est un expert en glycochimie sp\u00e9cialis\u00e9 dans les vaccins synth\u00e9tiques contre le cancer. Avec plus de 200 publications \u00e0 son actif, il a travaill\u00e9 avec les pionniers des vaccins semi-synth\u00e9tiques et dirige les synth\u00e8ses innovantes de glycoantig\u00e8nes de Glycovax, qui sont la cl\u00e9 de sa science distinctive. <\/p>\n\t\t\t\t<img loading=\"lazy\" decoding=\"async\" src=\"https:\/\/glycovax.com\/wp-content\/uploads\/2025\/04\/Elodie-Pastural.jpg\" alt=\"Elodie-Pastural\" itemprop=\"image\" height=\"480\" width=\"600\" title=\"Elodie-Pastural\" onerror=\"this.style.display='none'\"  \/>\n<h4>\n\t\t\u00c9lodie Pastural, Ph.D. RAC \n\t<\/h4>\n<h5>\n\t\tDirectrice &#8211; Affaires r\u00e9glementaires et d\u00e9veloppement clinique\n\t<\/h5>\n\t<p>\u00c9lodie Pastural, titulaire d&rsquo;un doctorat en immunologie, est une experte qui compte plus de 15 ans d&rsquo;exp\u00e9rience dans le d\u00e9veloppement de vaccins. Anciennement au sein de l&rsquo;institut VIDO, elle a dirig\u00e9 le premier projet universitaire canadien de vaccin contre la COVID-19. Aujourd&rsquo;hui chez Glycovax, elle supervise les affaires r\u00e9glementaires et le d\u00e9veloppement clinique des vaccins innovants.<\/p>\n\t\t\t\t<img loading=\"lazy\" decoding=\"async\" src=\"https:\/\/glycovax.com\/wp-content\/uploads\/2025\/04\/Daniel-Boismenu.jpg\" alt=\"Daniel-Boismenu\" itemprop=\"image\" height=\"480\" width=\"600\" title=\"Daniel-Boismenu\" onerror=\"this.style.display='none'\"  \/>\n<h4>\n\t\tDaniel Boismenu, Ph.D.\n\t<\/h4>\n<h5>\n\t\tCofondateur scientifique et conseiller sp\u00e9cial\n\t<\/h5>\n\t<p>Daniel Boismenu, docteur en chimie, est un pionnier en prot\u00e9omique et en identification de biomarqueurs par spectrom\u00e9trie de masse. Avec son expertise en protocoles analytiques et en collaboration pharmaceutique, il assure un contr\u00f4le de qualit\u00e9 de premier ordre pour les solutions innovatrices de Glycovax. <\/p>\n<h3>\n\t\tConseillers sp\u00e9ciaux\n\t<\/h3>\n<h4>\n\t\tLuis Martin, Ph.D.\n\t<\/h4>\n<h5>\n\t\tConseiller scientifique\n\t<\/h5>\n\t<p>Chef de file en biotechnologie avec plus de 30 ans d&rsquo;exp\u00e9rience dans le d\u00e9veloppement de vaccins, la gestion de la propri\u00e9t\u00e9 intellectuelle et la constitution d&rsquo;\u00e9quipes. Il a dirig\u00e9 des projets majeurs tels que les vaccins contre la COVID-19 et collabore avec les meilleures institutions de recherche \u00e0 travers le Canada pour transformer la science en solutions impactantes. <\/p>\n<h4>\n\t\tPierre Dion\n\t<\/h4>\n<h5>\n\t\tConseiller au pr\u00e9sident et chef de la direction\n\t<\/h5>\n\t<p>Conseiller strat\u00e9gique aupr\u00e8s de chefs d&rsquo;entreprise et de cadres de direction. Auparavant, cadre de direction ex\u00e9cutive poss\u00e9dant plus de 15 ans d&rsquo;exp\u00e9rience comme pr\u00e9sident et chef de la direction d&rsquo;entreprises publiques et priv\u00e9es. <\/p>\n<h4>\n\t\tDaniel Granger, C.M., C.Q., APR, FCPRS\n\t<\/h4>\n<h5>\n\t\tPr\u00e9sident du conseil d&rsquo;administration\n\t<\/h5>\n\t<p>Avocat et Fellow en communication et relations publiques, poss\u00e9dant plus de 30 ans d&rsquo;exp\u00e9rience en d\u00e9veloppement des affaires, en gestion des enjeux, communication strat\u00e9gique et relations gouvernementales.<\/p>\n<h2>\n\t\tGlycovax : Une chronologie de l&rsquo;innovation\n\t<\/h2>\n\t\t\t\t\t\t\t<h5>Lancement de Glycovax Pharma<\/h5>\n\t\t\t\t\t\t\t<p>Octobre 2016<\/p>\t\t\t\t\t\t\t\t\t\t\t\t\t\n\t\t\t\t\t\t\t<h5>\u00c9tablissement des laboratoires Glycovax au Centre Qu\u00e9b\u00e9cois d&rsquo;Innovation en Biotechnologie (CQIB) Qu\u00e9bec, Canada<\/h5>\n\t\t\t\t\t\t\t<p>Juin 2017<\/p>\t\t\t\t\t\t\t\t\t\t\t\t\t\n\t\t\t\t\t\t\t<h5>Le gouvernement canadien accorde un financement pour le d\u00e9veloppement du vaccin contre la COVID-19<\/h5>\n\t\t\t\t\t\t\t<p>2020<\/p>\t\t\t\t\t\t\t\t\t\t\t\t\t\n\t\t\t\t\t\t\t<h5>Accord de licence avec le CNRC pour la production de CRM197<\/h5>\n\t\t\t\t\t\t\t<p>Mars 2021<\/p>\t\t\t\t\t\t\t\t\t\t\t\t\t\n\t\t\t\t\t\t\t<h5>Approbation de la demande d&rsquo;essai clinique de phase 1<\/h5>\n\t\t\t\t\t\t\t<p>Mars 2023<\/p>\t\t\t\t\t\t\t\t\t\t\t\t\t\n\t\t\t\t\t\t\t<h5>D\u00e9but du recrutement pour l&rsquo;essai clinique de phase 1<\/h5>\n\t\t\t\t\t\t\t<p>Avril 2023<\/p>\t\t\t\t\t\t\t\t\t\t\t\t\t\n\t\t\t\t\t\t\t<h5>Accord de licence avec le CNRC pour l&rsquo;adjuvant SLA<\/h5>\n\t\t\t\t\t\t\t<p>F\u00e9vrier 2024<\/p>\t\t\t\t\t\t\t\t\t\t\t\t\t\n\t\t\t\t\t\t\t<h5>Accord de licence avec le CNRC pour un vaccin contre <em>Pseudomonas aeruginosa<\/em><\/h5>\n\t\t\t\t\t\t\t<p>Ao\u00fbt 2024<\/p>\t\t\t\t\t\t\t\t\t\t\t\t\t\n\n","protected":false},"excerpt":{"rendered":"<p>Au sujet de Glycovax Pharma Ce que nous faisons Glycovax est une soci\u00e9t\u00e9 clinique qui d\u00e9veloppe des solutions vaccinales de nouvelle g\u00e9n\u00e9ration en exploitant des biomarqueurs glucidiques uniques du cancer et d&rsquo;agents pathog\u00e8nes, une source de cibles th\u00e9rapeutiques encore inexplor\u00e9e. Nous d\u00e9veloppons des technologies habilitantes pour traiter de multiples maladies et, parall\u00e8lement \u00e0 notre propre&hellip;<\/p>\n","protected":false},"author":2,"featured_media":2373,"parent":0,"menu_order":20,"comment_status":"closed","ping_status":"closed","template":"","meta":{"_acf_changed":false,"footnotes":""},"class_list":["post-2167","page","type-page","status-publish","has-post-thumbnail","hentry"],"acf":[],"yoast_head":"<!-- This site is optimized with the Yoast SEO plugin v27.3 - https:\/\/yoast.com\/product\/yoast-seo-wordpress\/ -->\n<title>\u00c0 propos de Glycovax \u2013 Notre mission et notre vision pour la sant\u00e9 mondiale<\/title>\n<meta name=\"description\" content=\"D\u00e9couvrez la mission de Glycovax : d\u00e9velopper des vaccins conjugu\u00e9s novateurs gr\u00e2ce \u00e0 la glyco-ing\u00e9nierie pour lutter contre les maladies infectieuses \u00e0 l\u2019\u00e9chelle mondiale.\" \/>\n<meta name=\"robots\" content=\"index, follow, max-snippet:-1, max-image-preview:large, max-video-preview:-1\" \/>\n<link rel=\"canonical\" href=\"https:\/\/glycovax.com\/fr\/au-sujet-de-glycovax-pharma\/\" \/>\n<meta property=\"og:locale\" content=\"fr_FR\" \/>\n<meta property=\"og:type\" content=\"article\" \/>\n<meta property=\"og:title\" content=\"\u00c0 propos de Glycovax \u2013 Notre mission et notre vision pour la sant\u00e9 mondiale\" \/>\n<meta property=\"og:description\" content=\"D\u00e9couvrez la mission de Glycovax : d\u00e9velopper des vaccins conjugu\u00e9s novateurs gr\u00e2ce \u00e0 la glyco-ing\u00e9nierie pour lutter contre les maladies infectieuses \u00e0 l\u2019\u00e9chelle mondiale.\" \/>\n<meta property=\"og:url\" content=\"https:\/\/glycovax.com\/fr\/au-sujet-de-glycovax-pharma\/\" \/>\n<meta property=\"og:site_name\" content=\"Glycovax Pharma\" \/>\n<meta property=\"article:modified_time\" content=\"2025-04-20T16:20:49+00:00\" \/>\n<meta property=\"og:image\" content=\"https:\/\/glycovax.com\/wp-content\/uploads\/2025\/04\/Image-SEO-glycovax-fr-2.png\" \/>\n\t<meta property=\"og:image:width\" content=\"1200\" \/>\n\t<meta property=\"og:image:height\" content=\"675\" \/>\n\t<meta property=\"og:image:type\" content=\"image\/png\" \/>\n<meta name=\"twitter:card\" content=\"summary_large_image\" \/>\n<meta name=\"twitter:label1\" content=\"Dur\u00e9e de lecture estim\u00e9e\" \/>\n\t<meta name=\"twitter:data1\" content=\"7 minutes\" \/>\n<script type=\"application\/ld+json\" class=\"yoast-schema-graph\">{\"@context\":\"https:\\\/\\\/schema.org\",\"@graph\":[{\"@type\":\"WebPage\",\"@id\":\"https:\\\/\\\/glycovax.com\\\/fr\\\/au-sujet-de-glycovax-pharma\\\/\",\"url\":\"https:\\\/\\\/glycovax.com\\\/fr\\\/au-sujet-de-glycovax-pharma\\\/\",\"name\":\"\u00c0 propos de Glycovax \u2013 Notre mission et notre vision pour la sant\u00e9 mondiale\",\"isPartOf\":{\"@id\":\"https:\\\/\\\/glycovax.com\\\/fr\\\/#website\"},\"primaryImageOfPage\":{\"@id\":\"https:\\\/\\\/glycovax.com\\\/fr\\\/au-sujet-de-glycovax-pharma\\\/#primaryimage\"},\"image\":{\"@id\":\"https:\\\/\\\/glycovax.com\\\/fr\\\/au-sujet-de-glycovax-pharma\\\/#primaryimage\"},\"thumbnailUrl\":\"https:\\\/\\\/glycovax.com\\\/wp-content\\\/uploads\\\/2025\\\/04\\\/Glycovax-Pharma-carre.png\",\"datePublished\":\"2024-11-28T19:20:40+00:00\",\"dateModified\":\"2025-04-20T16:20:49+00:00\",\"description\":\"D\u00e9couvrez la mission de Glycovax : d\u00e9velopper des vaccins conjugu\u00e9s novateurs gr\u00e2ce \u00e0 la glyco-ing\u00e9nierie pour lutter contre les maladies infectieuses \u00e0 l\u2019\u00e9chelle mondiale.\",\"breadcrumb\":{\"@id\":\"https:\\\/\\\/glycovax.com\\\/fr\\\/au-sujet-de-glycovax-pharma\\\/#breadcrumb\"},\"inLanguage\":\"fr-FR\",\"potentialAction\":[{\"@type\":\"ReadAction\",\"target\":[\"https:\\\/\\\/glycovax.com\\\/fr\\\/au-sujet-de-glycovax-pharma\\\/\"]}]},{\"@type\":\"ImageObject\",\"inLanguage\":\"fr-FR\",\"@id\":\"https:\\\/\\\/glycovax.com\\\/fr\\\/au-sujet-de-glycovax-pharma\\\/#primaryimage\",\"url\":\"https:\\\/\\\/glycovax.com\\\/wp-content\\\/uploads\\\/2025\\\/04\\\/Glycovax-Pharma-carre.png\",\"contentUrl\":\"https:\\\/\\\/glycovax.com\\\/wp-content\\\/uploads\\\/2025\\\/04\\\/Glycovax-Pharma-carre.png\",\"width\":1200,\"height\":1200,\"caption\":\"Glycovax Pharma\"},{\"@type\":\"BreadcrumbList\",\"@id\":\"https:\\\/\\\/glycovax.com\\\/fr\\\/au-sujet-de-glycovax-pharma\\\/#breadcrumb\",\"itemListElement\":[{\"@type\":\"ListItem\",\"position\":1,\"name\":\"Home\",\"item\":\"https:\\\/\\\/glycovax.com\\\/fr\\\/\"},{\"@type\":\"ListItem\",\"position\":2,\"name\":\"Au sujet de Glycovax Pharma\"}]},{\"@type\":\"WebSite\",\"@id\":\"https:\\\/\\\/glycovax.com\\\/fr\\\/#website\",\"url\":\"https:\\\/\\\/glycovax.com\\\/fr\\\/\",\"name\":\"Glycovax Pharma\",\"description\":\"Saving millions of lives by using the power of advanced medical nanotechnology.\",\"publisher\":{\"@id\":\"https:\\\/\\\/glycovax.com\\\/fr\\\/#organization\"},\"alternateName\":\"Glycovax\",\"potentialAction\":[{\"@type\":\"SearchAction\",\"target\":{\"@type\":\"EntryPoint\",\"urlTemplate\":\"https:\\\/\\\/glycovax.com\\\/fr\\\/?s={search_term_string}\"},\"query-input\":{\"@type\":\"PropertyValueSpecification\",\"valueRequired\":true,\"valueName\":\"search_term_string\"}}],\"inLanguage\":\"fr-FR\"},{\"@type\":\"Organization\",\"@id\":\"https:\\\/\\\/glycovax.com\\\/fr\\\/#organization\",\"name\":\"Glycovax Pharma\",\"alternateName\":\"Glycovax\",\"url\":\"https:\\\/\\\/glycovax.com\\\/fr\\\/\",\"logo\":{\"@type\":\"ImageObject\",\"inLanguage\":\"fr-FR\",\"@id\":\"https:\\\/\\\/glycovax.com\\\/fr\\\/#\\\/schema\\\/logo\\\/image\\\/\",\"url\":\"https:\\\/\\\/glycovax.com\\\/wp-content\\\/uploads\\\/2025\\\/04\\\/Glycovax-Pharma-carre.png\",\"contentUrl\":\"https:\\\/\\\/glycovax.com\\\/wp-content\\\/uploads\\\/2025\\\/04\\\/Glycovax-Pharma-carre.png\",\"width\":1200,\"height\":1200,\"caption\":\"Glycovax Pharma\"},\"image\":{\"@id\":\"https:\\\/\\\/glycovax.com\\\/fr\\\/#\\\/schema\\\/logo\\\/image\\\/\"}}]}<\/script>\n<!-- \/ Yoast SEO plugin. -->","yoast_head_json":{"title":"\u00c0 propos de Glycovax \u2013 Notre mission et notre vision pour la sant\u00e9 mondiale","description":"D\u00e9couvrez la mission de Glycovax : d\u00e9velopper des vaccins conjugu\u00e9s novateurs gr\u00e2ce \u00e0 la glyco-ing\u00e9nierie pour lutter contre les maladies infectieuses \u00e0 l\u2019\u00e9chelle mondiale.","robots":{"index":"index","follow":"follow","max-snippet":"max-snippet:-1","max-image-preview":"max-image-preview:large","max-video-preview":"max-video-preview:-1"},"canonical":"https:\/\/glycovax.com\/fr\/au-sujet-de-glycovax-pharma\/","og_locale":"fr_FR","og_type":"article","og_title":"\u00c0 propos de Glycovax \u2013 Notre mission et notre vision pour la sant\u00e9 mondiale","og_description":"D\u00e9couvrez la mission de Glycovax : d\u00e9velopper des vaccins conjugu\u00e9s novateurs gr\u00e2ce \u00e0 la glyco-ing\u00e9nierie pour lutter contre les maladies infectieuses \u00e0 l\u2019\u00e9chelle mondiale.","og_url":"https:\/\/glycovax.com\/fr\/au-sujet-de-glycovax-pharma\/","og_site_name":"Glycovax Pharma","article_modified_time":"2025-04-20T16:20:49+00:00","og_image":[{"width":1200,"height":675,"url":"https:\/\/glycovax.com\/wp-content\/uploads\/2025\/04\/Image-SEO-glycovax-fr-2.png","type":"image\/png"}],"twitter_card":"summary_large_image","twitter_misc":{"Dur\u00e9e de lecture estim\u00e9e":"7 minutes"},"schema":{"@context":"https:\/\/schema.org","@graph":[{"@type":"WebPage","@id":"https:\/\/glycovax.com\/fr\/au-sujet-de-glycovax-pharma\/","url":"https:\/\/glycovax.com\/fr\/au-sujet-de-glycovax-pharma\/","name":"\u00c0 propos de Glycovax \u2013 Notre mission et notre vision pour la sant\u00e9 mondiale","isPartOf":{"@id":"https:\/\/glycovax.com\/fr\/#website"},"primaryImageOfPage":{"@id":"https:\/\/glycovax.com\/fr\/au-sujet-de-glycovax-pharma\/#primaryimage"},"image":{"@id":"https:\/\/glycovax.com\/fr\/au-sujet-de-glycovax-pharma\/#primaryimage"},"thumbnailUrl":"https:\/\/glycovax.com\/wp-content\/uploads\/2025\/04\/Glycovax-Pharma-carre.png","datePublished":"2024-11-28T19:20:40+00:00","dateModified":"2025-04-20T16:20:49+00:00","description":"D\u00e9couvrez la mission de Glycovax : d\u00e9velopper des vaccins conjugu\u00e9s novateurs gr\u00e2ce \u00e0 la glyco-ing\u00e9nierie pour lutter contre les maladies infectieuses \u00e0 l\u2019\u00e9chelle mondiale.","breadcrumb":{"@id":"https:\/\/glycovax.com\/fr\/au-sujet-de-glycovax-pharma\/#breadcrumb"},"inLanguage":"fr-FR","potentialAction":[{"@type":"ReadAction","target":["https:\/\/glycovax.com\/fr\/au-sujet-de-glycovax-pharma\/"]}]},{"@type":"ImageObject","inLanguage":"fr-FR","@id":"https:\/\/glycovax.com\/fr\/au-sujet-de-glycovax-pharma\/#primaryimage","url":"https:\/\/glycovax.com\/wp-content\/uploads\/2025\/04\/Glycovax-Pharma-carre.png","contentUrl":"https:\/\/glycovax.com\/wp-content\/uploads\/2025\/04\/Glycovax-Pharma-carre.png","width":1200,"height":1200,"caption":"Glycovax Pharma"},{"@type":"BreadcrumbList","@id":"https:\/\/glycovax.com\/fr\/au-sujet-de-glycovax-pharma\/#breadcrumb","itemListElement":[{"@type":"ListItem","position":1,"name":"Home","item":"https:\/\/glycovax.com\/fr\/"},{"@type":"ListItem","position":2,"name":"Au sujet de Glycovax Pharma"}]},{"@type":"WebSite","@id":"https:\/\/glycovax.com\/fr\/#website","url":"https:\/\/glycovax.com\/fr\/","name":"Glycovax Pharma","description":"Saving millions of lives by using the power of advanced medical nanotechnology.","publisher":{"@id":"https:\/\/glycovax.com\/fr\/#organization"},"alternateName":"Glycovax","potentialAction":[{"@type":"SearchAction","target":{"@type":"EntryPoint","urlTemplate":"https:\/\/glycovax.com\/fr\/?s={search_term_string}"},"query-input":{"@type":"PropertyValueSpecification","valueRequired":true,"valueName":"search_term_string"}}],"inLanguage":"fr-FR"},{"@type":"Organization","@id":"https:\/\/glycovax.com\/fr\/#organization","name":"Glycovax Pharma","alternateName":"Glycovax","url":"https:\/\/glycovax.com\/fr\/","logo":{"@type":"ImageObject","inLanguage":"fr-FR","@id":"https:\/\/glycovax.com\/fr\/#\/schema\/logo\/image\/","url":"https:\/\/glycovax.com\/wp-content\/uploads\/2025\/04\/Glycovax-Pharma-carre.png","contentUrl":"https:\/\/glycovax.com\/wp-content\/uploads\/2025\/04\/Glycovax-Pharma-carre.png","width":1200,"height":1200,"caption":"Glycovax Pharma"},"image":{"@id":"https:\/\/glycovax.com\/fr\/#\/schema\/logo\/image\/"}}]}},"_links":{"self":[{"href":"https:\/\/glycovax.com\/fr\/wp-json\/wp\/v2\/pages\/2167","targetHints":{"allow":["GET"]}}],"collection":[{"href":"https:\/\/glycovax.com\/fr\/wp-json\/wp\/v2\/pages"}],"about":[{"href":"https:\/\/glycovax.com\/fr\/wp-json\/wp\/v2\/types\/page"}],"author":[{"embeddable":true,"href":"https:\/\/glycovax.com\/fr\/wp-json\/wp\/v2\/users\/2"}],"replies":[{"embeddable":true,"href":"https:\/\/glycovax.com\/fr\/wp-json\/wp\/v2\/comments?post=2167"}],"version-history":[{"count":16,"href":"https:\/\/glycovax.com\/fr\/wp-json\/wp\/v2\/pages\/2167\/revisions"}],"predecessor-version":[{"id":2407,"href":"https:\/\/glycovax.com\/fr\/wp-json\/wp\/v2\/pages\/2167\/revisions\/2407"}],"wp:featuredmedia":[{"embeddable":true,"href":"https:\/\/glycovax.com\/fr\/wp-json\/wp\/v2\/media\/2373"}],"wp:attachment":[{"href":"https:\/\/glycovax.com\/fr\/wp-json\/wp\/v2\/media?parent=2167"}],"curies":[{"name":"wp","href":"https:\/\/api.w.org\/{rel}","templated":true}]}}