{"id":2217,"date":"2024-11-28T14:22:44","date_gmt":"2024-11-28T19:22:44","guid":{"rendered":"https:\/\/glycovax.com\/contact\/"},"modified":"2025-04-16T13:19:23","modified_gmt":"2025-04-16T17:19:23","slug":"contact","status":"publish","type":"page","link":"https:\/\/glycovax.com\/fr\/contact\/","title":{"rendered":"Contact"},"content":{"rendered":"\n<h1>\n\t\tContactez Glycovax Pharma\n\t<\/h1>\n<h4>\n\t\tSi\u00e8ge social\n\t<\/h4>\n<h4>\n\t\tLaboratoires\n\t<\/h4>\n<form>\n\t<input type=\"hidden\" name=\"fl-layout-id\" value=\"2217\" \/>\n\t    \t<h3>Communiquez avec Glycovax<\/h3>\n\t\t\t\t<p>Une question, besoin de plus d&rsquo;informations ou envie d&rsquo;explorer un partenariat? Remplissez le formulaire ci-dessous et un membre de notre \u00e9quipe vous r\u00e9pondra rapidement. Nous sommes l\u00e0 pour vous aider!  <\/p>\n    \t\t<label for=\"pp-name-\">Nom<\/label>\n    \t\tVeuillez saisir votre nom.\n    \t\t<input type=\"text\" name=\"pp-name\" id=\"pp-name-\" value=\"\" placeholder=\"Nom\"  \/>\n    \t\t<label for=\"pp-email-\">Courriel<\/label>\n    \t\tVeuillez saisir une adresse email valide.\n    \t\t<input type=\"email\" name=\"pp-email\" id=\"pp-email-\" value=\"\" placeholder=\"Courriel\"  \/>\n    \t\t<label for=\"pp-message-\">Votre message<\/label>\n    \t\tPlease type your message.\n    \t\t<textarea name=\"pp-message\" id=\"pp-message-\" placeholder=\"Votre message\"><\/textarea>\n    \t<a href=\"#\" target=\"_self\" role=\"button\">\n    \t\t    \t\t    \t\tEnvoyer la demande\n    \t\t    \t<\/a>\n\t\t\tMessage failed. Please try again.\n<\/form>\n  <p>Merci pour votre message! Nous vous contacterons sous peu. <\/p>\n\n","protected":false},"excerpt":{"rendered":"<p>Contactez Glycovax Pharma Si\u00e8ge social Laboratoires Communiquez avec Glycovax Une question, besoin de plus d&rsquo;informations ou envie d&rsquo;explorer un partenariat? Remplissez le formulaire ci-dessous et un membre de notre \u00e9quipe vous r\u00e9pondra rapidement. Nous sommes l\u00e0 pour vous aider! Nom Veuillez saisir votre nom. Courriel Veuillez saisir une adresse email valide. Votre message Please type&hellip;<\/p>\n","protected":false},"author":2,"featured_media":2373,"parent":0,"menu_order":90,"comment_status":"closed","ping_status":"closed","template":"","meta":{"_acf_changed":false,"footnotes":""},"class_list":["post-2217","page","type-page","status-publish","has-post-thumbnail","hentry"],"acf":[],"yoast_head":"<!-- This site is optimized with the Yoast SEO plugin v27.4 - https:\/\/yoast.com\/product\/yoast-seo-wordpress\/ -->\n<title>Contactez Glycovax Pharma<\/title>\n<meta name=\"description\" content=\"Pour obtenir plus d\u2019informations d\u00e9taill\u00e9es sur nos projets de recherche, n\u2019h\u00e9sitez pas \u00e0 nous contacter.\" \/>\n<meta name=\"robots\" content=\"index, follow, max-snippet:-1, max-image-preview:large, max-video-preview:-1\" \/>\n<link rel=\"canonical\" href=\"https:\/\/glycovax.com\/fr\/contact\/\" \/>\n<meta property=\"og:locale\" content=\"fr_FR\" \/>\n<meta property=\"og:type\" content=\"article\" \/>\n<meta property=\"og:title\" content=\"Contactez Glycovax Pharma\" \/>\n<meta property=\"og:description\" content=\"Pour obtenir plus d\u2019informations d\u00e9taill\u00e9es sur nos projets de recherche, n\u2019h\u00e9sitez pas \u00e0 nous contacter.\" \/>\n<meta property=\"og:url\" content=\"https:\/\/glycovax.com\/fr\/contact\/\" \/>\n<meta property=\"og:site_name\" content=\"Glycovax Pharma\" \/>\n<meta property=\"article:modified_time\" content=\"2025-04-16T17:19:23+00:00\" \/>\n<meta property=\"og:image\" content=\"https:\/\/glycovax.com\/wp-content\/uploads\/2025\/04\/Image-SEO-glycovax-fr-2.png\" \/>\n\t<meta property=\"og:image:width\" content=\"1200\" \/>\n\t<meta property=\"og:image:height\" content=\"675\" \/>\n\t<meta property=\"og:image:type\" content=\"image\/png\" \/>\n<meta name=\"twitter:card\" content=\"summary_large_image\" \/>\n<meta name=\"twitter:label1\" content=\"Dur\u00e9e de lecture estim\u00e9e\" \/>\n\t<meta name=\"twitter:data1\" content=\"1 minute\" \/>\n<script type=\"application\/ld+json\" class=\"yoast-schema-graph\">{\"@context\":\"https:\\\/\\\/schema.org\",\"@graph\":[{\"@type\":\"WebPage\",\"@id\":\"https:\\\/\\\/glycovax.com\\\/fr\\\/contact\\\/\",\"url\":\"https:\\\/\\\/glycovax.com\\\/fr\\\/contact\\\/\",\"name\":\"Contactez Glycovax Pharma\",\"isPartOf\":{\"@id\":\"https:\\\/\\\/glycovax.com\\\/fr\\\/#website\"},\"primaryImageOfPage\":{\"@id\":\"https:\\\/\\\/glycovax.com\\\/fr\\\/contact\\\/#primaryimage\"},\"image\":{\"@id\":\"https:\\\/\\\/glycovax.com\\\/fr\\\/contact\\\/#primaryimage\"},\"thumbnailUrl\":\"https:\\\/\\\/glycovax.com\\\/wp-content\\\/uploads\\\/2025\\\/04\\\/Glycovax-Pharma-carre.png\",\"datePublished\":\"2024-11-28T19:22:44+00:00\",\"dateModified\":\"2025-04-16T17:19:23+00:00\",\"description\":\"Pour obtenir plus d\u2019informations d\u00e9taill\u00e9es sur nos projets de recherche, n\u2019h\u00e9sitez pas \u00e0 nous contacter.\",\"breadcrumb\":{\"@id\":\"https:\\\/\\\/glycovax.com\\\/fr\\\/contact\\\/#breadcrumb\"},\"inLanguage\":\"fr-FR\",\"potentialAction\":[{\"@type\":\"ReadAction\",\"target\":[\"https:\\\/\\\/glycovax.com\\\/fr\\\/contact\\\/\"]}]},{\"@type\":\"ImageObject\",\"inLanguage\":\"fr-FR\",\"@id\":\"https:\\\/\\\/glycovax.com\\\/fr\\\/contact\\\/#primaryimage\",\"url\":\"https:\\\/\\\/glycovax.com\\\/wp-content\\\/uploads\\\/2025\\\/04\\\/Glycovax-Pharma-carre.png\",\"contentUrl\":\"https:\\\/\\\/glycovax.com\\\/wp-content\\\/uploads\\\/2025\\\/04\\\/Glycovax-Pharma-carre.png\",\"width\":1200,\"height\":1200,\"caption\":\"Glycovax Pharma\"},{\"@type\":\"BreadcrumbList\",\"@id\":\"https:\\\/\\\/glycovax.com\\\/fr\\\/contact\\\/#breadcrumb\",\"itemListElement\":[{\"@type\":\"ListItem\",\"position\":1,\"name\":\"Home\",\"item\":\"https:\\\/\\\/glycovax.com\\\/fr\\\/\"},{\"@type\":\"ListItem\",\"position\":2,\"name\":\"Contact\"}]},{\"@type\":\"WebSite\",\"@id\":\"https:\\\/\\\/glycovax.com\\\/fr\\\/#website\",\"url\":\"https:\\\/\\\/glycovax.com\\\/fr\\\/\",\"name\":\"Glycovax Pharma\",\"description\":\"Saving millions of lives by using the power of advanced medical nanotechnology.\",\"publisher\":{\"@id\":\"https:\\\/\\\/glycovax.com\\\/fr\\\/#organization\"},\"alternateName\":\"Glycovax\",\"potentialAction\":[{\"@type\":\"SearchAction\",\"target\":{\"@type\":\"EntryPoint\",\"urlTemplate\":\"https:\\\/\\\/glycovax.com\\\/fr\\\/?s={search_term_string}\"},\"query-input\":{\"@type\":\"PropertyValueSpecification\",\"valueRequired\":true,\"valueName\":\"search_term_string\"}}],\"inLanguage\":\"fr-FR\"},{\"@type\":\"Organization\",\"@id\":\"https:\\\/\\\/glycovax.com\\\/fr\\\/#organization\",\"name\":\"Glycovax Pharma\",\"alternateName\":\"Glycovax\",\"url\":\"https:\\\/\\\/glycovax.com\\\/fr\\\/\",\"logo\":{\"@type\":\"ImageObject\",\"inLanguage\":\"fr-FR\",\"@id\":\"https:\\\/\\\/glycovax.com\\\/fr\\\/#\\\/schema\\\/logo\\\/image\\\/\",\"url\":\"https:\\\/\\\/glycovax.com\\\/wp-content\\\/uploads\\\/2025\\\/04\\\/Glycovax-Pharma-carre.png\",\"contentUrl\":\"https:\\\/\\\/glycovax.com\\\/wp-content\\\/uploads\\\/2025\\\/04\\\/Glycovax-Pharma-carre.png\",\"width\":1200,\"height\":1200,\"caption\":\"Glycovax Pharma\"},\"image\":{\"@id\":\"https:\\\/\\\/glycovax.com\\\/fr\\\/#\\\/schema\\\/logo\\\/image\\\/\"}}]}<\/script>\n<!-- \/ Yoast SEO plugin. -->","yoast_head_json":{"title":"Contactez Glycovax Pharma","description":"Pour obtenir plus d\u2019informations d\u00e9taill\u00e9es sur nos projets de recherche, n\u2019h\u00e9sitez pas \u00e0 nous contacter.","robots":{"index":"index","follow":"follow","max-snippet":"max-snippet:-1","max-image-preview":"max-image-preview:large","max-video-preview":"max-video-preview:-1"},"canonical":"https:\/\/glycovax.com\/fr\/contact\/","og_locale":"fr_FR","og_type":"article","og_title":"Contactez Glycovax Pharma","og_description":"Pour obtenir plus d\u2019informations d\u00e9taill\u00e9es sur nos projets de recherche, n\u2019h\u00e9sitez pas \u00e0 nous contacter.","og_url":"https:\/\/glycovax.com\/fr\/contact\/","og_site_name":"Glycovax Pharma","article_modified_time":"2025-04-16T17:19:23+00:00","og_image":[{"width":1200,"height":675,"url":"https:\/\/glycovax.com\/wp-content\/uploads\/2025\/04\/Image-SEO-glycovax-fr-2.png","type":"image\/png"}],"twitter_card":"summary_large_image","twitter_misc":{"Dur\u00e9e de lecture estim\u00e9e":"1 minute"},"schema":{"@context":"https:\/\/schema.org","@graph":[{"@type":"WebPage","@id":"https:\/\/glycovax.com\/fr\/contact\/","url":"https:\/\/glycovax.com\/fr\/contact\/","name":"Contactez Glycovax Pharma","isPartOf":{"@id":"https:\/\/glycovax.com\/fr\/#website"},"primaryImageOfPage":{"@id":"https:\/\/glycovax.com\/fr\/contact\/#primaryimage"},"image":{"@id":"https:\/\/glycovax.com\/fr\/contact\/#primaryimage"},"thumbnailUrl":"https:\/\/glycovax.com\/wp-content\/uploads\/2025\/04\/Glycovax-Pharma-carre.png","datePublished":"2024-11-28T19:22:44+00:00","dateModified":"2025-04-16T17:19:23+00:00","description":"Pour obtenir plus d\u2019informations d\u00e9taill\u00e9es sur nos projets de recherche, n\u2019h\u00e9sitez pas \u00e0 nous contacter.","breadcrumb":{"@id":"https:\/\/glycovax.com\/fr\/contact\/#breadcrumb"},"inLanguage":"fr-FR","potentialAction":[{"@type":"ReadAction","target":["https:\/\/glycovax.com\/fr\/contact\/"]}]},{"@type":"ImageObject","inLanguage":"fr-FR","@id":"https:\/\/glycovax.com\/fr\/contact\/#primaryimage","url":"https:\/\/glycovax.com\/wp-content\/uploads\/2025\/04\/Glycovax-Pharma-carre.png","contentUrl":"https:\/\/glycovax.com\/wp-content\/uploads\/2025\/04\/Glycovax-Pharma-carre.png","width":1200,"height":1200,"caption":"Glycovax Pharma"},{"@type":"BreadcrumbList","@id":"https:\/\/glycovax.com\/fr\/contact\/#breadcrumb","itemListElement":[{"@type":"ListItem","position":1,"name":"Home","item":"https:\/\/glycovax.com\/fr\/"},{"@type":"ListItem","position":2,"name":"Contact"}]},{"@type":"WebSite","@id":"https:\/\/glycovax.com\/fr\/#website","url":"https:\/\/glycovax.com\/fr\/","name":"Glycovax Pharma","description":"Saving millions of lives by using the power of advanced medical nanotechnology.","publisher":{"@id":"https:\/\/glycovax.com\/fr\/#organization"},"alternateName":"Glycovax","potentialAction":[{"@type":"SearchAction","target":{"@type":"EntryPoint","urlTemplate":"https:\/\/glycovax.com\/fr\/?s={search_term_string}"},"query-input":{"@type":"PropertyValueSpecification","valueRequired":true,"valueName":"search_term_string"}}],"inLanguage":"fr-FR"},{"@type":"Organization","@id":"https:\/\/glycovax.com\/fr\/#organization","name":"Glycovax Pharma","alternateName":"Glycovax","url":"https:\/\/glycovax.com\/fr\/","logo":{"@type":"ImageObject","inLanguage":"fr-FR","@id":"https:\/\/glycovax.com\/fr\/#\/schema\/logo\/image\/","url":"https:\/\/glycovax.com\/wp-content\/uploads\/2025\/04\/Glycovax-Pharma-carre.png","contentUrl":"https:\/\/glycovax.com\/wp-content\/uploads\/2025\/04\/Glycovax-Pharma-carre.png","width":1200,"height":1200,"caption":"Glycovax Pharma"},"image":{"@id":"https:\/\/glycovax.com\/fr\/#\/schema\/logo\/image\/"}}]}},"_links":{"self":[{"href":"https:\/\/glycovax.com\/fr\/wp-json\/wp\/v2\/pages\/2217","targetHints":{"allow":["GET"]}}],"collection":[{"href":"https:\/\/glycovax.com\/fr\/wp-json\/wp\/v2\/pages"}],"about":[{"href":"https:\/\/glycovax.com\/fr\/wp-json\/wp\/v2\/types\/page"}],"author":[{"embeddable":true,"href":"https:\/\/glycovax.com\/fr\/wp-json\/wp\/v2\/users\/2"}],"replies":[{"embeddable":true,"href":"https:\/\/glycovax.com\/fr\/wp-json\/wp\/v2\/comments?post=2217"}],"version-history":[{"count":2,"href":"https:\/\/glycovax.com\/fr\/wp-json\/wp\/v2\/pages\/2217\/revisions"}],"predecessor-version":[{"id":2368,"href":"https:\/\/glycovax.com\/fr\/wp-json\/wp\/v2\/pages\/2217\/revisions\/2368"}],"wp:featuredmedia":[{"embeddable":true,"href":"https:\/\/glycovax.com\/fr\/wp-json\/wp\/v2\/media\/2373"}],"wp:attachment":[{"href":"https:\/\/glycovax.com\/fr\/wp-json\/wp\/v2\/media?parent=2217"}],"curies":[{"name":"wp","href":"https:\/\/api.w.org\/{rel}","templated":true}]}}