{"id":2223,"date":"2024-11-28T16:51:37","date_gmt":"2024-11-28T21:51:37","guid":{"rendered":"https:\/\/glycovax.com\/politique-de-confidentialite\/"},"modified":"2025-04-16T14:14:32","modified_gmt":"2025-04-16T18:14:32","slug":"politique-de-confidentialite","status":"publish","type":"page","link":"https:\/\/glycovax.com\/fr\/politique-de-confidentialite\/","title":{"rendered":"Politique de confidentialit\u00e9"},"content":{"rendered":"\n<h1>\n\t\tPolitique de confidentialit\u00e9 Glycovax Pharma\n\t<\/h1>\n\t<h3>Coordonn\u00e9es du responsable de la protection des renseignements personnels<\/h3>\n<p>Pour toute question ou pr\u00e9occupation concernant le traitement ou la mise \u00e0 jour de vos renseignements personnels, veuillez nous contacter par courriel \u00e0 l&rsquo;adresse suivante : <a href=\"mailto:vieprivee_privacy@glycovax.com\">vieprivee_privacy@glycovax.com<\/a>.<\/p>\n<p>Le responsable de la protection des renseignements personnels communiquera avec vous dans les 30 jours suivant la r\u00e9ception de votre courriel.<\/p>\n<h3>Partage de vos renseignements personnels<\/h3>\n<p>Nous utilisons ou communiquons vos renseignements personnels uniquement pour les raisons pour lesquelles ils ont \u00e9t\u00e9 recueillis, pour d&rsquo;autres fins avec votre consentement, ou lorsque la loi l&rsquo;exige ou le permet.<\/p>\n<h3>Liens vers d&rsquo;autres sites Web<\/h3>\n<p>\u00c0 l&rsquo;occasion, notre site Web peut contenir des hyperliens vers d&rsquo;autres sites.<\/p>\n<p>Les renseignements \u00e9chang\u00e9s sur ces sites ne sont pas assujettis \u00e0 la pr\u00e9sente politique de confidentialit\u00e9, mais \u00e0 celles des sites externes concern\u00e9s, le cas \u00e9ch\u00e9ant.<\/p>\n<p>Nous vous invitons \u00e0 les consulter avant de divulguer vos renseignements personnels.<\/p>\n<h3>P\u00e9riodes de conservation<\/h3>\n<p>Vos renseignements personnels sont conserv\u00e9s uniquement pendant la dur\u00e9e n\u00e9cessaire pour atteindre les fins pour lesquelles ils ont \u00e9t\u00e9 recueillis, \u00e0 moins qu&rsquo;une p\u00e9riode de conservation plus longue ne soit requise ou permise par la loi.<\/p>\n<h3>Acc\u00e8s \u00e0 vos renseignements personnels<\/h3>\n<p>Une fois votre identit\u00e9 d\u00fbment v\u00e9rifi\u00e9e, vous pouvez demander l&rsquo;acc\u00e8s aux renseignements personnels que nous d\u00e9tenons \u00e0 votre sujet, conform\u00e9ment \u00e0 ce que la loi permet ou exige.<\/p>\n<p>Dans certains cas, une demande \u00e9crite de votre part pourrait \u00eatre requise.<\/p>\n<h3>Exactitude et modification de vos renseignements personnels<\/h3>\n<p>S&rsquo;il y a des modifications \u00e0 apporter \u00e0 vos renseignements personnels, il est pr\u00e9f\u00e9rable de nous contacter rapidement par t\u00e9l\u00e9phone ou par courriel afin de maintenir votre dossier et nos bases de donn\u00e9es \u00e0 jour.<\/p>\n<p>&nbsp;<\/p>\n<p>Date de la derni\u00e8re mise \u00e0 jour : 8 avril 2025<\/p>\n<p>&nbsp;<\/p>\n\n","protected":false},"excerpt":{"rendered":"<p>Politique de confidentialit\u00e9 Glycovax Pharma Coordonn\u00e9es du responsable de la protection des renseignements personnels Pour toute question ou pr\u00e9occupation concernant le traitement ou la mise \u00e0 jour de vos renseignements personnels, veuillez nous contacter par courriel \u00e0 l&rsquo;adresse suivante : vieprivee_privacy@glycovax.com. Le responsable de la protection des renseignements personnels communiquera avec vous dans les 30&hellip;<\/p>\n","protected":false},"author":2,"featured_media":2373,"parent":0,"menu_order":100,"comment_status":"closed","ping_status":"closed","template":"","meta":{"_acf_changed":false,"footnotes":""},"class_list":["post-2223","page","type-page","status-publish","has-post-thumbnail","hentry"],"acf":[],"yoast_head":"<!-- This site is optimized with the Yoast SEO plugin v27.3 - https:\/\/yoast.com\/product\/yoast-seo-wordpress\/ -->\n<title>Politique de confidentialit\u00e9 - Glycovax Pharma<\/title>\n<meta name=\"description\" content=\"Politique de confidentialit\u00e9 Glycovax Pharma.\" \/>\n<meta name=\"robots\" content=\"index, follow, max-snippet:-1, max-image-preview:large, max-video-preview:-1\" \/>\n<link rel=\"canonical\" href=\"https:\/\/glycovax.com\/fr\/politique-de-confidentialite\/\" \/>\n<meta property=\"og:locale\" content=\"fr_FR\" \/>\n<meta property=\"og:type\" content=\"article\" \/>\n<meta property=\"og:title\" content=\"Politique de confidentialit\u00e9 - Glycovax Pharma\" \/>\n<meta property=\"og:description\" content=\"Politique de confidentialit\u00e9 Glycovax Pharma.\" \/>\n<meta property=\"og:url\" content=\"https:\/\/glycovax.com\/fr\/politique-de-confidentialite\/\" \/>\n<meta property=\"og:site_name\" content=\"Glycovax Pharma\" \/>\n<meta property=\"article:modified_time\" content=\"2025-04-16T18:14:32+00:00\" \/>\n<meta property=\"og:image\" content=\"https:\/\/glycovax.com\/wp-content\/uploads\/2025\/04\/Image-SEO-glycovax-fr-2.png\" \/>\n\t<meta property=\"og:image:width\" content=\"1200\" \/>\n\t<meta property=\"og:image:height\" content=\"675\" \/>\n\t<meta property=\"og:image:type\" content=\"image\/png\" \/>\n<meta name=\"twitter:card\" content=\"summary_large_image\" \/>\n<meta name=\"twitter:label1\" content=\"Dur\u00e9e de lecture estim\u00e9e\" \/>\n\t<meta name=\"twitter:data1\" content=\"2 minutes\" \/>\n<script type=\"application\/ld+json\" class=\"yoast-schema-graph\">{\"@context\":\"https:\\\/\\\/schema.org\",\"@graph\":[{\"@type\":\"WebPage\",\"@id\":\"https:\\\/\\\/glycovax.com\\\/fr\\\/politique-de-confidentialite\\\/\",\"url\":\"https:\\\/\\\/glycovax.com\\\/fr\\\/politique-de-confidentialite\\\/\",\"name\":\"Politique de confidentialit\u00e9 - Glycovax Pharma\",\"isPartOf\":{\"@id\":\"https:\\\/\\\/glycovax.com\\\/fr\\\/#website\"},\"primaryImageOfPage\":{\"@id\":\"https:\\\/\\\/glycovax.com\\\/fr\\\/politique-de-confidentialite\\\/#primaryimage\"},\"image\":{\"@id\":\"https:\\\/\\\/glycovax.com\\\/fr\\\/politique-de-confidentialite\\\/#primaryimage\"},\"thumbnailUrl\":\"https:\\\/\\\/glycovax.com\\\/wp-content\\\/uploads\\\/2025\\\/04\\\/Glycovax-Pharma-carre.png\",\"datePublished\":\"2024-11-28T21:51:37+00:00\",\"dateModified\":\"2025-04-16T18:14:32+00:00\",\"description\":\"Politique de confidentialit\u00e9 Glycovax Pharma.\",\"breadcrumb\":{\"@id\":\"https:\\\/\\\/glycovax.com\\\/fr\\\/politique-de-confidentialite\\\/#breadcrumb\"},\"inLanguage\":\"fr-FR\",\"potentialAction\":[{\"@type\":\"ReadAction\",\"target\":[\"https:\\\/\\\/glycovax.com\\\/fr\\\/politique-de-confidentialite\\\/\"]}]},{\"@type\":\"ImageObject\",\"inLanguage\":\"fr-FR\",\"@id\":\"https:\\\/\\\/glycovax.com\\\/fr\\\/politique-de-confidentialite\\\/#primaryimage\",\"url\":\"https:\\\/\\\/glycovax.com\\\/wp-content\\\/uploads\\\/2025\\\/04\\\/Glycovax-Pharma-carre.png\",\"contentUrl\":\"https:\\\/\\\/glycovax.com\\\/wp-content\\\/uploads\\\/2025\\\/04\\\/Glycovax-Pharma-carre.png\",\"width\":1200,\"height\":1200,\"caption\":\"Glycovax Pharma\"},{\"@type\":\"BreadcrumbList\",\"@id\":\"https:\\\/\\\/glycovax.com\\\/fr\\\/politique-de-confidentialite\\\/#breadcrumb\",\"itemListElement\":[{\"@type\":\"ListItem\",\"position\":1,\"name\":\"Home\",\"item\":\"https:\\\/\\\/glycovax.com\\\/fr\\\/\"},{\"@type\":\"ListItem\",\"position\":2,\"name\":\"Politique de confidentialit\u00e9\"}]},{\"@type\":\"WebSite\",\"@id\":\"https:\\\/\\\/glycovax.com\\\/fr\\\/#website\",\"url\":\"https:\\\/\\\/glycovax.com\\\/fr\\\/\",\"name\":\"Glycovax Pharma\",\"description\":\"Saving millions of lives by using the power of advanced medical nanotechnology.\",\"publisher\":{\"@id\":\"https:\\\/\\\/glycovax.com\\\/fr\\\/#organization\"},\"alternateName\":\"Glycovax\",\"potentialAction\":[{\"@type\":\"SearchAction\",\"target\":{\"@type\":\"EntryPoint\",\"urlTemplate\":\"https:\\\/\\\/glycovax.com\\\/fr\\\/?s={search_term_string}\"},\"query-input\":{\"@type\":\"PropertyValueSpecification\",\"valueRequired\":true,\"valueName\":\"search_term_string\"}}],\"inLanguage\":\"fr-FR\"},{\"@type\":\"Organization\",\"@id\":\"https:\\\/\\\/glycovax.com\\\/fr\\\/#organization\",\"name\":\"Glycovax Pharma\",\"alternateName\":\"Glycovax\",\"url\":\"https:\\\/\\\/glycovax.com\\\/fr\\\/\",\"logo\":{\"@type\":\"ImageObject\",\"inLanguage\":\"fr-FR\",\"@id\":\"https:\\\/\\\/glycovax.com\\\/fr\\\/#\\\/schema\\\/logo\\\/image\\\/\",\"url\":\"https:\\\/\\\/glycovax.com\\\/wp-content\\\/uploads\\\/2025\\\/04\\\/Glycovax-Pharma-carre.png\",\"contentUrl\":\"https:\\\/\\\/glycovax.com\\\/wp-content\\\/uploads\\\/2025\\\/04\\\/Glycovax-Pharma-carre.png\",\"width\":1200,\"height\":1200,\"caption\":\"Glycovax Pharma\"},\"image\":{\"@id\":\"https:\\\/\\\/glycovax.com\\\/fr\\\/#\\\/schema\\\/logo\\\/image\\\/\"}}]}<\/script>\n<!-- \/ Yoast SEO plugin. -->","yoast_head_json":{"title":"Politique de confidentialit\u00e9 - Glycovax Pharma","description":"Politique de confidentialit\u00e9 Glycovax Pharma.","robots":{"index":"index","follow":"follow","max-snippet":"max-snippet:-1","max-image-preview":"max-image-preview:large","max-video-preview":"max-video-preview:-1"},"canonical":"https:\/\/glycovax.com\/fr\/politique-de-confidentialite\/","og_locale":"fr_FR","og_type":"article","og_title":"Politique de confidentialit\u00e9 - Glycovax Pharma","og_description":"Politique de confidentialit\u00e9 Glycovax Pharma.","og_url":"https:\/\/glycovax.com\/fr\/politique-de-confidentialite\/","og_site_name":"Glycovax Pharma","article_modified_time":"2025-04-16T18:14:32+00:00","og_image":[{"width":1200,"height":675,"url":"https:\/\/glycovax.com\/wp-content\/uploads\/2025\/04\/Image-SEO-glycovax-fr-2.png","type":"image\/png"}],"twitter_card":"summary_large_image","twitter_misc":{"Dur\u00e9e de lecture estim\u00e9e":"2 minutes"},"schema":{"@context":"https:\/\/schema.org","@graph":[{"@type":"WebPage","@id":"https:\/\/glycovax.com\/fr\/politique-de-confidentialite\/","url":"https:\/\/glycovax.com\/fr\/politique-de-confidentialite\/","name":"Politique de confidentialit\u00e9 - Glycovax Pharma","isPartOf":{"@id":"https:\/\/glycovax.com\/fr\/#website"},"primaryImageOfPage":{"@id":"https:\/\/glycovax.com\/fr\/politique-de-confidentialite\/#primaryimage"},"image":{"@id":"https:\/\/glycovax.com\/fr\/politique-de-confidentialite\/#primaryimage"},"thumbnailUrl":"https:\/\/glycovax.com\/wp-content\/uploads\/2025\/04\/Glycovax-Pharma-carre.png","datePublished":"2024-11-28T21:51:37+00:00","dateModified":"2025-04-16T18:14:32+00:00","description":"Politique de confidentialit\u00e9 Glycovax Pharma.","breadcrumb":{"@id":"https:\/\/glycovax.com\/fr\/politique-de-confidentialite\/#breadcrumb"},"inLanguage":"fr-FR","potentialAction":[{"@type":"ReadAction","target":["https:\/\/glycovax.com\/fr\/politique-de-confidentialite\/"]}]},{"@type":"ImageObject","inLanguage":"fr-FR","@id":"https:\/\/glycovax.com\/fr\/politique-de-confidentialite\/#primaryimage","url":"https:\/\/glycovax.com\/wp-content\/uploads\/2025\/04\/Glycovax-Pharma-carre.png","contentUrl":"https:\/\/glycovax.com\/wp-content\/uploads\/2025\/04\/Glycovax-Pharma-carre.png","width":1200,"height":1200,"caption":"Glycovax Pharma"},{"@type":"BreadcrumbList","@id":"https:\/\/glycovax.com\/fr\/politique-de-confidentialite\/#breadcrumb","itemListElement":[{"@type":"ListItem","position":1,"name":"Home","item":"https:\/\/glycovax.com\/fr\/"},{"@type":"ListItem","position":2,"name":"Politique de confidentialit\u00e9"}]},{"@type":"WebSite","@id":"https:\/\/glycovax.com\/fr\/#website","url":"https:\/\/glycovax.com\/fr\/","name":"Glycovax Pharma","description":"Saving millions of lives by using the power of advanced medical nanotechnology.","publisher":{"@id":"https:\/\/glycovax.com\/fr\/#organization"},"alternateName":"Glycovax","potentialAction":[{"@type":"SearchAction","target":{"@type":"EntryPoint","urlTemplate":"https:\/\/glycovax.com\/fr\/?s={search_term_string}"},"query-input":{"@type":"PropertyValueSpecification","valueRequired":true,"valueName":"search_term_string"}}],"inLanguage":"fr-FR"},{"@type":"Organization","@id":"https:\/\/glycovax.com\/fr\/#organization","name":"Glycovax Pharma","alternateName":"Glycovax","url":"https:\/\/glycovax.com\/fr\/","logo":{"@type":"ImageObject","inLanguage":"fr-FR","@id":"https:\/\/glycovax.com\/fr\/#\/schema\/logo\/image\/","url":"https:\/\/glycovax.com\/wp-content\/uploads\/2025\/04\/Glycovax-Pharma-carre.png","contentUrl":"https:\/\/glycovax.com\/wp-content\/uploads\/2025\/04\/Glycovax-Pharma-carre.png","width":1200,"height":1200,"caption":"Glycovax Pharma"},"image":{"@id":"https:\/\/glycovax.com\/fr\/#\/schema\/logo\/image\/"}}]}},"_links":{"self":[{"href":"https:\/\/glycovax.com\/fr\/wp-json\/wp\/v2\/pages\/2223","targetHints":{"allow":["GET"]}}],"collection":[{"href":"https:\/\/glycovax.com\/fr\/wp-json\/wp\/v2\/pages"}],"about":[{"href":"https:\/\/glycovax.com\/fr\/wp-json\/wp\/v2\/types\/page"}],"author":[{"embeddable":true,"href":"https:\/\/glycovax.com\/fr\/wp-json\/wp\/v2\/users\/2"}],"replies":[{"embeddable":true,"href":"https:\/\/glycovax.com\/fr\/wp-json\/wp\/v2\/comments?post=2223"}],"version-history":[{"count":3,"href":"https:\/\/glycovax.com\/fr\/wp-json\/wp\/v2\/pages\/2223\/revisions"}],"predecessor-version":[{"id":2389,"href":"https:\/\/glycovax.com\/fr\/wp-json\/wp\/v2\/pages\/2223\/revisions\/2389"}],"wp:featuredmedia":[{"embeddable":true,"href":"https:\/\/glycovax.com\/fr\/wp-json\/wp\/v2\/media\/2373"}],"wp:attachment":[{"href":"https:\/\/glycovax.com\/fr\/wp-json\/wp\/v2\/media?parent=2223"}],"curies":[{"name":"wp","href":"https:\/\/api.w.org\/{rel}","templated":true}]}}