{"id":2224,"date":"2024-11-28T15:11:02","date_gmt":"2024-11-28T20:11:02","guid":{"rendered":"https:\/\/glycovax.com\/technologie-de-glycovax-pharma\/"},"modified":"2025-06-05T17:03:00","modified_gmt":"2025-06-05T21:03:00","slug":"technologie-de-glycovax-pharma","status":"publish","type":"page","link":"https:\/\/glycovax.com\/fr\/technologie-de-glycovax-pharma\/","title":{"rendered":"Technologie de Glycovax Pharma"},"content":{"rendered":"\n<h1>\n\t\tTechnologie de Glycovax Pharma\n\t<\/h1>\n\t\t\t\t<p>Les vaccins comptent parmi les inventions les plus puissantes de l&rsquo;histoire, rendant des maladies autrefois redout\u00e9es d\u00e9sormais \u00e9vitables.<\/p>\n\t\t\t\t<h4>Directeur g\u00e9n\u00e9ral de l&rsquo;OMS<br \/>Dr Tedros Adhanom<br \/>Ghebreyesus Source : OMS, 2024<\/h4>\n\t<p>La conception des vaccins a \u00e9volu\u00e9 au cours des trois derniers si\u00e8cles, sous l&rsquo;impulsion de l&rsquo;innovation scientifique et du progr\u00e8s technologique, ce qui a permis de mettre au point des produits et des plateformes de production plus efficaces.<\/p>\n<p>Les perc\u00e9es dans les domaines de la <strong>glycoscience<\/strong> et de l&rsquo;<strong>immunologie<\/strong> ont fait des vaccins conjugu\u00e9s \u00e0 <strong>base de glycanes<\/strong> une technologie cl\u00e9. Ces vaccins ont fait leurs preuves en mati\u00e8re de s\u00e9curit\u00e9 et sont tr\u00e8s efficaces dans la <strong>pr\u00e9vention et la protection contre les infections bact\u00e9riennes<\/strong>. <\/p>\n\t\t\t\t<img loading=\"lazy\" decoding=\"async\" src=\"https:\/\/glycovax.com\/wp-content\/uploads\/2024\/12\/Glycovax-Pharma-vertical-couleur.svg\" alt=\"Glycovax Pharma Logo\" itemprop=\"image\" height=\"0\" width=\"0\" title=\"Glycovax Pharma Logo\" onerror=\"this.style.display='none'\"  \/>\n\t<p>Glycovax red\u00e9finit la conception des vaccins conjugu\u00e9s \u00e0 base de polysaccharides capsulaires pour cr\u00e9er la prochaine g\u00e9n\u00e9ration de <strong>vaccins \u00e0 base d&rsquo;hydrates de carbone<\/strong>.<\/p>\n<p>Notre plateforme technologique utilise des <strong>antig\u00e8nes glucidiques enti\u00e8rement synth\u00e9tiques<\/strong>, offrant des avantages cl\u00e9s par rapport aux antig\u00e8nes naturels, notamment une <strong>coh\u00e9rence mol\u00e9culaire optimale<\/strong>, un contr\u00f4le pr\u00e9cis de la conjugaison et de la pr\u00e9sentation, une production fiable, une s\u00e9curit\u00e9 potentielle accrue et une efficacit\u00e9 \u00e9tendue.<\/p>\n<p>Elle associe un <strong>linker personnalisable<\/strong>, la prot\u00e9ine porteuse <strong>CRM197<\/strong> et un nouvel <strong>adjuvant<\/strong> immunostimulant pour d\u00e9velopper des vaccins de pointe.<\/p>\n<p>Avec une <strong>flexibilit\u00e9 sans pr\u00e9c\u00e9dent<\/strong>, cette plateforme permet de concevoir des vaccins avec une r\u00e9activit\u00e9 et une efficacit\u00e9 optimales, r\u00e9pondant \u00e0 des besoins m\u00e9dicaux non satisfaits dans les domaines des maladies infectieuses et de l&rsquo;oncologie.<\/p>\n<h2>\n\t\tNotre technologie\n\t<\/h2>\n<h3>\n\t\tGlycoForge\n\t<\/h3>\n\t<p>Une nouvelle plateforme technologique innovante con\u00e7ue pour acc\u00e9l\u00e9rer le d\u00e9veloppement de nouveaux vaccins glycoconjugu\u00e9s.<\/p>\n<a  id=\"crm197\" data-type=\"box\" data-name=\"Bo\u00eete\" data-accepts=\"true\" href=\"#\" target=\"_self\">\n\t<\/a>\n<h4>\n\t\tCRM197\n\t<\/h4>\n\t<p>Prot\u00e9ine porteuse<\/p>\n<a  id=\"linker\" data-type=\"box\" data-name=\"Bo\u00eete\" data-accepts=\"true\" href=\"#\" target=\"_self\">\n\t<\/a>\n<h4>\n\t\tLinker\n\t<\/h4>\n<a  id=\"glycoantigen\" data-type=\"box\" data-name=\"Bo\u00eete\" data-accepts=\"true\" href=\"#\" target=\"_self\">\n\t<\/a>\n<h4>\n\t\tGlycoantig\u00e8ne\n\t<\/h4>\n\t<p>(tumoral, viral ou bact\u00e9riel)<\/p>\n<a  id=\"adjuvant\" data-type=\"box\" data-name=\"Bo\u00eete\" data-accepts=\"true\" href=\"#\" target=\"_self\">\n\t<\/a>\n<h4>\n\t\tAdjuvant\n\t<\/h4>\n<h4>\n\t\tImmunog\u00e8ne\n\t<\/h4>\n\t\t<h4>\n\t\t\tBo\u00eete Fen\u00eatr\u00e9\n\t\t\t\t\t<\/h4>\n\t\t<h5>modal-<\/h5>\n\t\tCliquez ici pour modifier les param\u00e8tres \u00ab\u00a0modal-box\u00a0\u00bb. Ce texte est uniquement destin\u00e9 \u00e0 l&rsquo;\u00e9dition et n&rsquo;appara\u00eetra pas apr\u00e8s la publication des modifications.\t\n\t\t\t\t\t\tPreview\n\t\t\tmodal-\n\t\t\t\t\t\t\t\t\t\t\t<h4 id=\"modal-title-\">Adjuvant<\/h4>\t\t\t\t\t\t\t\t\t\t\t\t\t\t\t\t\n\t\t\t\t\t\t<p>Un adjuvant est un composant essentiel d&rsquo;un vaccin conjugu\u00e9. L&rsquo;ALS est un nouveau type d&rsquo;adjuvant qui d\u00e9clenche une r\u00e9ponse immunitaire forte et \u00e9quilibr\u00e9e avec plusieurs types d&rsquo;immunog\u00e8nes. Il a \u00e9t\u00e9 d\u00e9montr\u00e9 que l&rsquo;ALS r\u00e9duit la dose d&rsquo;immunog\u00e8ne, g\u00e9n\u00e8re des r\u00e9ponses immunitaires rapides et durables et augmente l&rsquo;efficacit\u00e9 globale des vaccins.  <\/p>\n\t\t<h4>\n\t\t\tBo\u00eete Fen\u00eatr\u00e9\n\t\t\t\t\t<\/h4>\n\t\t<h5>modal-<\/h5>\n\t\tCliquez ici pour modifier les param\u00e8tres \u00ab\u00a0modal-box\u00a0\u00bb. Ce texte est uniquement destin\u00e9 \u00e0 l&rsquo;\u00e9dition et n&rsquo;appara\u00eetra pas apr\u00e8s la publication des modifications.\t\n\t\t\t\t\t\tPreview\n\t\t\tmodal-\n\t\t\t\t\t\t\t\t\t\t\t<h4 id=\"modal-title-\">CRM<sub>197<\/sub><\/h4>\t\t\t\t\t\t\t\t\t\t\t\t\t\t\t\t\n\t\t\t\t\t\t<p>Glycovax produit la prot\u00e9ine porteuse CRM<sub>197<\/sub> gr\u00e2ce \u00e0 un processus de fabrication brevet\u00e9. CRM<sub>197<\/sub> est la prot\u00e9ine porteuse la plus largement utilis\u00e9e pour divers types d&rsquo;antig\u00e8nes. Les vaccins polyosidiques conjugu\u00e9s ont \u00e9t\u00e9 utilis\u00e9s avec succ\u00e8s pour immuniser des centaines de millions de personnes dans le monde.  <\/p>\n\t\t<h4>\n\t\t\tBo\u00eete Fen\u00eatr\u00e9\n\t\t\t\t\t<\/h4>\n\t\t<h5>modal-<\/h5>\n\t\tCliquez ici pour modifier les param\u00e8tres \u00ab\u00a0modal-box\u00a0\u00bb. Ce texte est uniquement destin\u00e9 \u00e0 l&rsquo;\u00e9dition et n&rsquo;appara\u00eetra pas apr\u00e8s la publication des modifications.\t\n\t\t\t\t\t\tPreview\n\t\t\tmodal-\n\t\t\t\t\t\t\t\t\t\t\t<h4 id=\"modal-title-\">Linker<\/h4>\t\t\t\t\t\t\t\t\t\t\t\t\t\t\t\t\n\t\t\t\t\t\t<p>Le linker est un composant important d&rsquo;un immunog\u00e8ne qui attache la prot\u00e9ine porteuse au glycoantig\u00e8ne pour faciliter sa pr\u00e9sentation au syst\u00e8me immunitaire.<\/p>\n\t\t<h4>\n\t\t\tBo\u00eete Fen\u00eatr\u00e9\n\t\t\t\t\t<\/h4>\n\t\t<h5>modal-<\/h5>\n\t\tCliquez ici pour modifier les param\u00e8tres \u00ab\u00a0modal-box\u00a0\u00bb. Ce texte est uniquement destin\u00e9 \u00e0 l&rsquo;\u00e9dition et n&rsquo;appara\u00eetra pas apr\u00e8s la publication des modifications.\t\n\t\t\t\t\t\tPreview\n\t\t\tmodal-\n\t\t\t\t\t\t\t\t\t\t\t<h4 id=\"modal-title-\">Glycoantig\u00e8ne<\/h4>\t\t\t\t\t\t\t\t\t\t\t\t\t\t\t\t\n\t\t\t\t\t\t<p>Un glycoantig\u00e8ne est la portion de glycane sp\u00e9cifique \u00e0 l&rsquo;agent pathog\u00e8ne cible (bact\u00e9rie, virus ou tumeur) qui est identifi\u00e9e comme un antig\u00e8ne appropri\u00e9 pour le ciblage.<\/p>\n<h2>\n\t\tPipeline\n\t<\/h2>\n<h2>\n\t\tComposants vaccinaux\n\t<\/h2>\n\t<p>Deux composants de vaccins sont produits et commercialis\u00e9s par Glycovax Pharma pour les d\u00e9veloppeurs de vaccins.<\/p>\n<h3>\n\t\tProt\u00e9ine porteuse ESP-CRM197\n\t<\/h3>\n<h4>\n\t\tCRM197 de haute qualit\u00e9, \u00e9volutif et conforme\n\t<\/h4>\n\tL&rsquo;<strong>ESP-CRM197<\/strong> est produit selon les normes de qualit\u00e9 les plus strictes et est propos\u00e9 en plusieurs qualit\u00e9s pour r\u00e9pondre aux besoins des d\u00e9veloppeurs de vaccins \u00e0 diff\u00e9rents stades du d\u00e9veloppement des conjugu\u00e9s.<br \/>\nIl est accompagn\u00e9 d&rsquo;un <strong>Drug Master File (DMF)<\/strong> d\u00e9pos\u00e9 aupr\u00e8s de la <strong>FDA am\u00e9ricaine<\/strong>, ce qui simplifie les soumissions r\u00e9glementaires des d\u00e9veloppeurs.\n<a  data-type=\"box\" data-name=\"Bo\u00eete\" data-accepts=\"true\" href=\"https:\/\/espoirtherapeutics.com\/fr\/\" target=\"_blank\" rel=\"noopener\">\n\t<\/a>\n<h5>\n\t\tLe ESP-CRM197 est fabriqu\u00e9 par Espoir Therapeutics Inc, une filiale de Glycovax d\u00e9di\u00e9e \u00e0 la fabrication commerciale.\n\t<\/h5>\n\t\t\t\t<img loading=\"lazy\" decoding=\"async\" src=\"https:\/\/glycovax.com\/wp-content\/uploads\/2025\/02\/Logo-qe1be2n1vew01jp4ejb7h2lurt2o8t09ors1wzm27k.png\" alt=\"Logo-qe1be2n1vew01jp4ejb7h2lurt2o8t09ors1wzm27k\" itemprop=\"image\" height=\"440\" width=\"650\" title=\"Logo-qe1be2n1vew01jp4ejb7h2lurt2o8t09ors1wzm27k\" onerror=\"this.style.display='none'\"  \/>\n<h3>\n\t\tAdjuvant SLA\n\t<\/h3>\n<h4>\n\t\tUn adjuvant puissant, de grande puret\u00e9, compatible avec une vari\u00e9t\u00e9 d&rsquo;antig\u00e8nes\n\t<\/h4>\n\t<p>Le SLA (<strong>lactosyl arch\u00e9ol sulfat\u00e9<\/strong>) est un nouvel adjuvant obtenu par un processus enti\u00e8rement synth\u00e9tique. Ses principaux avantages sont les suivants : <\/p>\n<ul>\n<li><strong>Une large applicabilit\u00e9<\/strong> pour diff\u00e9rents types de vaccins et de voies d&rsquo;administration<\/li>\n<li>Stimulation d&rsquo;une <strong>r\u00e9ponse immunitaire \u00e9quilibr\u00e9e<\/strong> (humorale et cellulaire)<\/li>\n<li><strong>Augmentation<\/strong> de la production d&rsquo;anticorps<\/li>\n<li><strong>R\u00e9duction<\/strong> de la dose d&rsquo;antig\u00e8ne n\u00e9cessaire, ce qui permet de r\u00e9duire les co\u00fbts.<\/li>\n<\/ul>\n<p>Bient\u00f4t fabriqu\u00e9 selon les <strong>normes rigoureuses des BPF<\/strong> (GMP) afin de garantir une grande puret\u00e9, le SLA est con\u00e7u pour l&rsquo;immunisation <strong>humaine<\/strong> et <strong>animale<\/strong>, gr\u00e2ce \u00e0 sa puissante activit\u00e9 adjuvante.<\/p>\n\n","protected":false},"excerpt":{"rendered":"<p>Technologie de Glycovax Pharma Les vaccins comptent parmi les inventions les plus puissantes de l&rsquo;histoire, rendant des maladies autrefois redout\u00e9es d\u00e9sormais \u00e9vitables. Directeur g\u00e9n\u00e9ral de l&rsquo;OMSDr Tedros AdhanomGhebreyesus Source : OMS, 2024 La conception des vaccins a \u00e9volu\u00e9 au cours des trois derniers si\u00e8cles, sous l&rsquo;impulsion de l&rsquo;innovation scientifique et du progr\u00e8s technologique, ce qui&hellip;<\/p>\n","protected":false},"author":2,"featured_media":2373,"parent":0,"menu_order":30,"comment_status":"closed","ping_status":"closed","template":"","meta":{"_acf_changed":false,"footnotes":""},"class_list":["post-2224","page","type-page","status-publish","has-post-thumbnail","hentry"],"acf":[],"yoast_head":"<!-- This site is optimized with the Yoast SEO plugin v27.4 - https:\/\/yoast.com\/product\/yoast-seo-wordpress\/ -->\n<title>Science : nanoso\u00adlutions \u2013 vaccin semi-synth\u00e9tique | Glycovax Pharma<\/title>\n<meta name=\"description\" content=\"Conception de nouvelles familles d\u2019architectures nanomol\u00e9culaires pour pr\u00e9venir et traiter plusieurs maladies, vaccin semi-synth\u00e9tique\" \/>\n<meta name=\"robots\" content=\"index, follow, max-snippet:-1, max-image-preview:large, max-video-preview:-1\" \/>\n<link rel=\"canonical\" href=\"https:\/\/glycovax.com\/fr\/technologie-de-glycovax-pharma\/\" \/>\n<meta property=\"og:locale\" content=\"fr_FR\" \/>\n<meta property=\"og:type\" content=\"article\" \/>\n<meta property=\"og:title\" content=\"Science : nanoso\u00adlutions \u2013 vaccin semi-synth\u00e9tique | Glycovax Pharma\" \/>\n<meta property=\"og:description\" content=\"Conception de nouvelles familles d\u2019architectures nanomol\u00e9culaires pour pr\u00e9venir et traiter plusieurs maladies, vaccin semi-synth\u00e9tique\" \/>\n<meta property=\"og:url\" content=\"https:\/\/glycovax.com\/fr\/technologie-de-glycovax-pharma\/\" \/>\n<meta property=\"og:site_name\" content=\"Glycovax Pharma\" \/>\n<meta property=\"article:modified_time\" content=\"2025-06-05T21:03:00+00:00\" \/>\n<meta property=\"og:image\" content=\"https:\/\/glycovax.com\/wp-content\/uploads\/2025\/04\/Image-SEO-glycovax-fr-2.png\" \/>\n\t<meta property=\"og:image:width\" content=\"1200\" \/>\n\t<meta property=\"og:image:height\" content=\"675\" \/>\n\t<meta property=\"og:image:type\" content=\"image\/png\" \/>\n<meta name=\"twitter:card\" content=\"summary_large_image\" \/>\n<meta name=\"twitter:label1\" content=\"Dur\u00e9e de lecture estim\u00e9e\" \/>\n\t<meta name=\"twitter:data1\" content=\"5 minutes\" \/>\n<script type=\"application\/ld+json\" class=\"yoast-schema-graph\">{\"@context\":\"https:\\\/\\\/schema.org\",\"@graph\":[{\"@type\":\"WebPage\",\"@id\":\"https:\\\/\\\/glycovax.com\\\/fr\\\/technologie-de-glycovax-pharma\\\/\",\"url\":\"https:\\\/\\\/glycovax.com\\\/fr\\\/technologie-de-glycovax-pharma\\\/\",\"name\":\"Science : nanoso\u00adlutions \u2013 vaccin semi-synth\u00e9tique | Glycovax Pharma\",\"isPartOf\":{\"@id\":\"https:\\\/\\\/glycovax.com\\\/fr\\\/#website\"},\"primaryImageOfPage\":{\"@id\":\"https:\\\/\\\/glycovax.com\\\/fr\\\/technologie-de-glycovax-pharma\\\/#primaryimage\"},\"image\":{\"@id\":\"https:\\\/\\\/glycovax.com\\\/fr\\\/technologie-de-glycovax-pharma\\\/#primaryimage\"},\"thumbnailUrl\":\"https:\\\/\\\/glycovax.com\\\/wp-content\\\/uploads\\\/2025\\\/04\\\/Glycovax-Pharma-carre.png\",\"datePublished\":\"2024-11-28T20:11:02+00:00\",\"dateModified\":\"2025-06-05T21:03:00+00:00\",\"description\":\"Conception de nouvelles familles d\u2019architectures nanomol\u00e9culaires pour pr\u00e9venir et traiter plusieurs maladies, vaccin semi-synth\u00e9tique\",\"breadcrumb\":{\"@id\":\"https:\\\/\\\/glycovax.com\\\/fr\\\/technologie-de-glycovax-pharma\\\/#breadcrumb\"},\"inLanguage\":\"fr-FR\",\"potentialAction\":[{\"@type\":\"ReadAction\",\"target\":[\"https:\\\/\\\/glycovax.com\\\/fr\\\/technologie-de-glycovax-pharma\\\/\"]}]},{\"@type\":\"ImageObject\",\"inLanguage\":\"fr-FR\",\"@id\":\"https:\\\/\\\/glycovax.com\\\/fr\\\/technologie-de-glycovax-pharma\\\/#primaryimage\",\"url\":\"https:\\\/\\\/glycovax.com\\\/wp-content\\\/uploads\\\/2025\\\/04\\\/Glycovax-Pharma-carre.png\",\"contentUrl\":\"https:\\\/\\\/glycovax.com\\\/wp-content\\\/uploads\\\/2025\\\/04\\\/Glycovax-Pharma-carre.png\",\"width\":1200,\"height\":1200,\"caption\":\"Glycovax Pharma\"},{\"@type\":\"BreadcrumbList\",\"@id\":\"https:\\\/\\\/glycovax.com\\\/fr\\\/technologie-de-glycovax-pharma\\\/#breadcrumb\",\"itemListElement\":[{\"@type\":\"ListItem\",\"position\":1,\"name\":\"Home\",\"item\":\"https:\\\/\\\/glycovax.com\\\/fr\\\/\"},{\"@type\":\"ListItem\",\"position\":2,\"name\":\"Technologie de Glycovax Pharma\"}]},{\"@type\":\"WebSite\",\"@id\":\"https:\\\/\\\/glycovax.com\\\/fr\\\/#website\",\"url\":\"https:\\\/\\\/glycovax.com\\\/fr\\\/\",\"name\":\"Glycovax Pharma\",\"description\":\"Saving millions of lives by using the power of advanced medical nanotechnology.\",\"publisher\":{\"@id\":\"https:\\\/\\\/glycovax.com\\\/fr\\\/#organization\"},\"alternateName\":\"Glycovax\",\"potentialAction\":[{\"@type\":\"SearchAction\",\"target\":{\"@type\":\"EntryPoint\",\"urlTemplate\":\"https:\\\/\\\/glycovax.com\\\/fr\\\/?s={search_term_string}\"},\"query-input\":{\"@type\":\"PropertyValueSpecification\",\"valueRequired\":true,\"valueName\":\"search_term_string\"}}],\"inLanguage\":\"fr-FR\"},{\"@type\":\"Organization\",\"@id\":\"https:\\\/\\\/glycovax.com\\\/fr\\\/#organization\",\"name\":\"Glycovax Pharma\",\"alternateName\":\"Glycovax\",\"url\":\"https:\\\/\\\/glycovax.com\\\/fr\\\/\",\"logo\":{\"@type\":\"ImageObject\",\"inLanguage\":\"fr-FR\",\"@id\":\"https:\\\/\\\/glycovax.com\\\/fr\\\/#\\\/schema\\\/logo\\\/image\\\/\",\"url\":\"https:\\\/\\\/glycovax.com\\\/wp-content\\\/uploads\\\/2025\\\/04\\\/Glycovax-Pharma-carre.png\",\"contentUrl\":\"https:\\\/\\\/glycovax.com\\\/wp-content\\\/uploads\\\/2025\\\/04\\\/Glycovax-Pharma-carre.png\",\"width\":1200,\"height\":1200,\"caption\":\"Glycovax Pharma\"},\"image\":{\"@id\":\"https:\\\/\\\/glycovax.com\\\/fr\\\/#\\\/schema\\\/logo\\\/image\\\/\"}}]}<\/script>\n<!-- \/ Yoast SEO plugin. -->","yoast_head_json":{"title":"Science : nanoso\u00adlutions \u2013 vaccin semi-synth\u00e9tique | Glycovax Pharma","description":"Conception de nouvelles familles d\u2019architectures nanomol\u00e9culaires pour pr\u00e9venir et traiter plusieurs maladies, vaccin semi-synth\u00e9tique","robots":{"index":"index","follow":"follow","max-snippet":"max-snippet:-1","max-image-preview":"max-image-preview:large","max-video-preview":"max-video-preview:-1"},"canonical":"https:\/\/glycovax.com\/fr\/technologie-de-glycovax-pharma\/","og_locale":"fr_FR","og_type":"article","og_title":"Science : nanoso\u00adlutions \u2013 vaccin semi-synth\u00e9tique | Glycovax Pharma","og_description":"Conception de nouvelles familles d\u2019architectures nanomol\u00e9culaires pour pr\u00e9venir et traiter plusieurs maladies, vaccin semi-synth\u00e9tique","og_url":"https:\/\/glycovax.com\/fr\/technologie-de-glycovax-pharma\/","og_site_name":"Glycovax Pharma","article_modified_time":"2025-06-05T21:03:00+00:00","og_image":[{"width":1200,"height":675,"url":"https:\/\/glycovax.com\/wp-content\/uploads\/2025\/04\/Image-SEO-glycovax-fr-2.png","type":"image\/png"}],"twitter_card":"summary_large_image","twitter_misc":{"Dur\u00e9e de lecture estim\u00e9e":"5 minutes"},"schema":{"@context":"https:\/\/schema.org","@graph":[{"@type":"WebPage","@id":"https:\/\/glycovax.com\/fr\/technologie-de-glycovax-pharma\/","url":"https:\/\/glycovax.com\/fr\/technologie-de-glycovax-pharma\/","name":"Science : nanoso\u00adlutions \u2013 vaccin semi-synth\u00e9tique | Glycovax Pharma","isPartOf":{"@id":"https:\/\/glycovax.com\/fr\/#website"},"primaryImageOfPage":{"@id":"https:\/\/glycovax.com\/fr\/technologie-de-glycovax-pharma\/#primaryimage"},"image":{"@id":"https:\/\/glycovax.com\/fr\/technologie-de-glycovax-pharma\/#primaryimage"},"thumbnailUrl":"https:\/\/glycovax.com\/wp-content\/uploads\/2025\/04\/Glycovax-Pharma-carre.png","datePublished":"2024-11-28T20:11:02+00:00","dateModified":"2025-06-05T21:03:00+00:00","description":"Conception de nouvelles familles d\u2019architectures nanomol\u00e9culaires pour pr\u00e9venir et traiter plusieurs maladies, vaccin semi-synth\u00e9tique","breadcrumb":{"@id":"https:\/\/glycovax.com\/fr\/technologie-de-glycovax-pharma\/#breadcrumb"},"inLanguage":"fr-FR","potentialAction":[{"@type":"ReadAction","target":["https:\/\/glycovax.com\/fr\/technologie-de-glycovax-pharma\/"]}]},{"@type":"ImageObject","inLanguage":"fr-FR","@id":"https:\/\/glycovax.com\/fr\/technologie-de-glycovax-pharma\/#primaryimage","url":"https:\/\/glycovax.com\/wp-content\/uploads\/2025\/04\/Glycovax-Pharma-carre.png","contentUrl":"https:\/\/glycovax.com\/wp-content\/uploads\/2025\/04\/Glycovax-Pharma-carre.png","width":1200,"height":1200,"caption":"Glycovax Pharma"},{"@type":"BreadcrumbList","@id":"https:\/\/glycovax.com\/fr\/technologie-de-glycovax-pharma\/#breadcrumb","itemListElement":[{"@type":"ListItem","position":1,"name":"Home","item":"https:\/\/glycovax.com\/fr\/"},{"@type":"ListItem","position":2,"name":"Technologie de Glycovax Pharma"}]},{"@type":"WebSite","@id":"https:\/\/glycovax.com\/fr\/#website","url":"https:\/\/glycovax.com\/fr\/","name":"Glycovax Pharma","description":"Saving millions of lives by using the power of advanced medical nanotechnology.","publisher":{"@id":"https:\/\/glycovax.com\/fr\/#organization"},"alternateName":"Glycovax","potentialAction":[{"@type":"SearchAction","target":{"@type":"EntryPoint","urlTemplate":"https:\/\/glycovax.com\/fr\/?s={search_term_string}"},"query-input":{"@type":"PropertyValueSpecification","valueRequired":true,"valueName":"search_term_string"}}],"inLanguage":"fr-FR"},{"@type":"Organization","@id":"https:\/\/glycovax.com\/fr\/#organization","name":"Glycovax Pharma","alternateName":"Glycovax","url":"https:\/\/glycovax.com\/fr\/","logo":{"@type":"ImageObject","inLanguage":"fr-FR","@id":"https:\/\/glycovax.com\/fr\/#\/schema\/logo\/image\/","url":"https:\/\/glycovax.com\/wp-content\/uploads\/2025\/04\/Glycovax-Pharma-carre.png","contentUrl":"https:\/\/glycovax.com\/wp-content\/uploads\/2025\/04\/Glycovax-Pharma-carre.png","width":1200,"height":1200,"caption":"Glycovax Pharma"},"image":{"@id":"https:\/\/glycovax.com\/fr\/#\/schema\/logo\/image\/"}}]}},"_links":{"self":[{"href":"https:\/\/glycovax.com\/fr\/wp-json\/wp\/v2\/pages\/2224","targetHints":{"allow":["GET"]}}],"collection":[{"href":"https:\/\/glycovax.com\/fr\/wp-json\/wp\/v2\/pages"}],"about":[{"href":"https:\/\/glycovax.com\/fr\/wp-json\/wp\/v2\/types\/page"}],"author":[{"embeddable":true,"href":"https:\/\/glycovax.com\/fr\/wp-json\/wp\/v2\/users\/2"}],"replies":[{"embeddable":true,"href":"https:\/\/glycovax.com\/fr\/wp-json\/wp\/v2\/comments?post=2224"}],"version-history":[{"count":8,"href":"https:\/\/glycovax.com\/fr\/wp-json\/wp\/v2\/pages\/2224\/revisions"}],"predecessor-version":[{"id":2394,"href":"https:\/\/glycovax.com\/fr\/wp-json\/wp\/v2\/pages\/2224\/revisions\/2394"}],"wp:featuredmedia":[{"embeddable":true,"href":"https:\/\/glycovax.com\/fr\/wp-json\/wp\/v2\/media\/2373"}],"wp:attachment":[{"href":"https:\/\/glycovax.com\/fr\/wp-json\/wp\/v2\/media?parent=2224"}],"curies":[{"name":"wp","href":"https:\/\/api.w.org\/{rel}","templated":true}]}}