{"id":2425,"date":"2024-11-28T15:28:00","date_gmt":"2024-11-28T20:28:00","guid":{"rendered":"https:\/\/glycovax.com\/nouvelles\/"},"modified":"2025-08-18T15:37:18","modified_gmt":"2025-08-18T19:37:18","slug":"nouvelles","status":"publish","type":"page","link":"https:\/\/glycovax.com\/fr\/nouvelles\/","title":{"rendered":"Nouvelles"},"content":{"rendered":"\n<h1>\n\t\t\tNouvelles de Glycovax Pharma\t<\/h1>\n<h2>\n\t\t\t\u00c0 la une \t<\/h2>\n\t\t\t<a href=\"https:\/\/glycovax.com\/fr\/category\/nouvelles\/\" target=\"_self\">\n\t\t\t\t\t\t\tPlus de nouvelles\n\t\t\t<\/a>\n<h2>\n\t\t\tCommuniqu\u00e9s\t<\/h2>\n<h2>\n\t\t\tCentre M\u00e9dia\t<\/h2>\n\t<p>Vous cherchez Glycovax Pharma dans les m\u00e9dias ? Le centre des m\u00e9dias diffuse des informations sur les produits, la recherche et les activit\u00e9s de l&rsquo;entreprise. <\/p>\n<h4>\n\t\t\tContact m\u00e9dia\t<\/h4>\n<h4>\n\t\t\tAu sujet de Glycovax Pharma\t<\/h4>\n\t<p>Fond\u00e9e \u00e0 Montr\u00e9al, Canada, en 2016, Glycovax Pharma est une soci\u00e9t\u00e9 biopharmaceutique sp\u00e9cialis\u00e9e dans la conception et le d\u00e9veloppement de vaccins semi-synth\u00e9tiques. Gr\u00e2ce \u00e0 son expertise unique en glyco-immunologie, Glycovax Pharma est \u00e0 l&rsquo;avant-garde de solutions vaccinales plus efficaces, notamment dans les domaines des infections virales, bact\u00e9riennes et canc\u00e9reuses. Pour plus d&rsquo;informations, visitez : www.glycovax.com  <\/p>\n<h4>\n\t\t\tLeadership\t<\/h4>\n\t<p>D\u00e9couvrez l&rsquo;\u00e9quipe de direction de <strong>Glycovax Pharma<\/strong> engag\u00e9e pour l&rsquo;innovation et l&rsquo;excellence dans le d\u00e9veloppement de vaccins. <a href=\"https:\/\/glycovax.com\/fr\/au-sujet-de-glycovax-pharma\/\"><strong>Apprendre davantage<\/strong><\/a>.<\/p>\n<h4>\n\t\t\tTechnologie\t<\/h4>\n\t<p>D\u00e9couvrez comment la plateforme de pointe de <strong>Glycovax Pharma,<\/strong> compos\u00e9e d&rsquo;antig\u00e8nes synth\u00e9tiques, de linkers et d&rsquo;adjuvants, fa\u00e7onne les vaccins de nouvelle g\u00e9n\u00e9ration. Explorez notre technologie pour voir l&rsquo;innovation en action. En savoir plus.  <a href=\"https:\/\/glycovax.com\/fr\/technologie-de-glycovax-pharma\/\"><strong>En savoir plus.<\/strong><\/a><\/p>\n\t\t\t<a href=\"https:\/\/glycovax.com\/wp-content\/uploads\/2024\/12\/Glycovax-Pharma-logo.png\" download target=\"_blank\" rel=\"noopener\">\n\t\t\t\t\t\tT\u00e9l\u00e9charger le logo de Glycovax Pharma\n\t\t\t\t\t<\/a>\n\n","protected":false},"excerpt":{"rendered":"<p>Nouvelles de Glycovax Pharma \u00c0 la une Plus de nouvelles Communiqu\u00e9s Centre M\u00e9dia Vous cherchez Glycovax Pharma dans les m\u00e9dias ? Le centre des m\u00e9dias diffuse des informations sur les produits, la recherche et les activit\u00e9s de l&rsquo;entreprise. Contact m\u00e9dia Au sujet de Glycovax Pharma Fond\u00e9e \u00e0 Montr\u00e9al, Canada, en 2016, Glycovax Pharma est une&hellip;<\/p>\n","protected":false},"author":2,"featured_media":0,"parent":0,"menu_order":40,"comment_status":"closed","ping_status":"closed","template":"","meta":{"_acf_changed":false,"footnotes":""},"class_list":["post-2425","page","type-page","status-publish","hentry"],"acf":[],"yoast_head":"<!-- This site is optimized with the Yoast SEO plugin v27.3 - https:\/\/yoast.com\/product\/yoast-seo-wordpress\/ -->\n<title>Communiqu\u00e9s \u2013 Derni\u00e8res nouvelles | Glycovax Pharma<\/title>\n<meta name=\"description\" content=\"Communiqu\u00e9s, articles\u2026 D\u00e9couvrez les derni\u00e8res nouvelles de Glycovax Pharma.\" \/>\n<meta name=\"robots\" content=\"index, follow, max-snippet:-1, max-image-preview:large, max-video-preview:-1\" \/>\n<link rel=\"canonical\" href=\"https:\/\/glycovax.com\/fr\/nouvelles\/\" \/>\n<meta property=\"og:locale\" content=\"fr_FR\" \/>\n<meta property=\"og:type\" content=\"article\" \/>\n<meta property=\"og:title\" content=\"Communiqu\u00e9s \u2013 Derni\u00e8res nouvelles | Glycovax Pharma\" \/>\n<meta property=\"og:description\" content=\"Communiqu\u00e9s, articles\u2026 D\u00e9couvrez les derni\u00e8res nouvelles de Glycovax Pharma.\" \/>\n<meta property=\"og:url\" content=\"https:\/\/glycovax.com\/fr\/nouvelles\/\" \/>\n<meta property=\"og:site_name\" content=\"Glycovax Pharma\" \/>\n<meta property=\"article:modified_time\" content=\"2025-08-18T19:37:18+00:00\" \/>\n<meta property=\"og:image\" content=\"https:\/\/glycovax.com\/wp-content\/uploads\/2025\/06\/Glycovax-facebook-v2.jpg\" \/>\n\t<meta property=\"og:image:width\" content=\"1200\" \/>\n\t<meta property=\"og:image:height\" content=\"675\" \/>\n\t<meta property=\"og:image:type\" content=\"image\/jpeg\" \/>\n<meta name=\"twitter:card\" content=\"summary_large_image\" \/>\n<meta name=\"twitter:label1\" content=\"Dur\u00e9e de lecture estim\u00e9e\" \/>\n\t<meta name=\"twitter:data1\" content=\"1 minute\" \/>\n<script type=\"application\/ld+json\" class=\"yoast-schema-graph\">{\"@context\":\"https:\\\/\\\/schema.org\",\"@graph\":[{\"@type\":\"WebPage\",\"@id\":\"https:\\\/\\\/glycovax.com\\\/fr\\\/nouvelles\\\/\",\"url\":\"https:\\\/\\\/glycovax.com\\\/fr\\\/nouvelles\\\/\",\"name\":\"Communiqu\u00e9s \u2013 Derni\u00e8res nouvelles | Glycovax Pharma\",\"isPartOf\":{\"@id\":\"https:\\\/\\\/glycovax.com\\\/fr\\\/#website\"},\"datePublished\":\"2024-11-28T20:28:00+00:00\",\"dateModified\":\"2025-08-18T19:37:18+00:00\",\"description\":\"Communiqu\u00e9s, articles\u2026 D\u00e9couvrez les derni\u00e8res nouvelles de Glycovax Pharma.\",\"breadcrumb\":{\"@id\":\"https:\\\/\\\/glycovax.com\\\/fr\\\/nouvelles\\\/#breadcrumb\"},\"inLanguage\":\"fr-FR\",\"potentialAction\":[{\"@type\":\"ReadAction\",\"target\":[\"https:\\\/\\\/glycovax.com\\\/fr\\\/nouvelles\\\/\"]}]},{\"@type\":\"BreadcrumbList\",\"@id\":\"https:\\\/\\\/glycovax.com\\\/fr\\\/nouvelles\\\/#breadcrumb\",\"itemListElement\":[{\"@type\":\"ListItem\",\"position\":1,\"name\":\"Home\",\"item\":\"https:\\\/\\\/glycovax.com\\\/fr\\\/\"},{\"@type\":\"ListItem\",\"position\":2,\"name\":\"Nouvelles\"}]},{\"@type\":\"WebSite\",\"@id\":\"https:\\\/\\\/glycovax.com\\\/fr\\\/#website\",\"url\":\"https:\\\/\\\/glycovax.com\\\/fr\\\/\",\"name\":\"Glycovax Pharma\",\"description\":\"Saving millions of lives by using the power of advanced medical nanotechnology.\",\"publisher\":{\"@id\":\"https:\\\/\\\/glycovax.com\\\/fr\\\/#organization\"},\"alternateName\":\"Glycovax\",\"potentialAction\":[{\"@type\":\"SearchAction\",\"target\":{\"@type\":\"EntryPoint\",\"urlTemplate\":\"https:\\\/\\\/glycovax.com\\\/fr\\\/?s={search_term_string}\"},\"query-input\":{\"@type\":\"PropertyValueSpecification\",\"valueRequired\":true,\"valueName\":\"search_term_string\"}}],\"inLanguage\":\"fr-FR\"},{\"@type\":\"Organization\",\"@id\":\"https:\\\/\\\/glycovax.com\\\/fr\\\/#organization\",\"name\":\"Glycovax Pharma\",\"alternateName\":\"Glycovax\",\"url\":\"https:\\\/\\\/glycovax.com\\\/fr\\\/\",\"logo\":{\"@type\":\"ImageObject\",\"inLanguage\":\"fr-FR\",\"@id\":\"https:\\\/\\\/glycovax.com\\\/fr\\\/#\\\/schema\\\/logo\\\/image\\\/\",\"url\":\"https:\\\/\\\/glycovax.com\\\/wp-content\\\/uploads\\\/2025\\\/04\\\/Glycovax-Pharma-carre.png\",\"contentUrl\":\"https:\\\/\\\/glycovax.com\\\/wp-content\\\/uploads\\\/2025\\\/04\\\/Glycovax-Pharma-carre.png\",\"width\":1200,\"height\":1200,\"caption\":\"Glycovax Pharma\"},\"image\":{\"@id\":\"https:\\\/\\\/glycovax.com\\\/fr\\\/#\\\/schema\\\/logo\\\/image\\\/\"}}]}<\/script>\n<!-- \/ Yoast SEO plugin. -->","yoast_head_json":{"title":"Communiqu\u00e9s \u2013 Derni\u00e8res nouvelles | Glycovax Pharma","description":"Communiqu\u00e9s, articles\u2026 D\u00e9couvrez les derni\u00e8res nouvelles de Glycovax Pharma.","robots":{"index":"index","follow":"follow","max-snippet":"max-snippet:-1","max-image-preview":"max-image-preview:large","max-video-preview":"max-video-preview:-1"},"canonical":"https:\/\/glycovax.com\/fr\/nouvelles\/","og_locale":"fr_FR","og_type":"article","og_title":"Communiqu\u00e9s \u2013 Derni\u00e8res nouvelles | Glycovax Pharma","og_description":"Communiqu\u00e9s, articles\u2026 D\u00e9couvrez les derni\u00e8res nouvelles de Glycovax Pharma.","og_url":"https:\/\/glycovax.com\/fr\/nouvelles\/","og_site_name":"Glycovax Pharma","article_modified_time":"2025-08-18T19:37:18+00:00","og_image":[{"width":1200,"height":675,"url":"https:\/\/glycovax.com\/wp-content\/uploads\/2025\/06\/Glycovax-facebook-v2.jpg","type":"image\/jpeg"}],"twitter_card":"summary_large_image","twitter_misc":{"Dur\u00e9e de lecture estim\u00e9e":"1 minute"},"schema":{"@context":"https:\/\/schema.org","@graph":[{"@type":"WebPage","@id":"https:\/\/glycovax.com\/fr\/nouvelles\/","url":"https:\/\/glycovax.com\/fr\/nouvelles\/","name":"Communiqu\u00e9s \u2013 Derni\u00e8res nouvelles | Glycovax Pharma","isPartOf":{"@id":"https:\/\/glycovax.com\/fr\/#website"},"datePublished":"2024-11-28T20:28:00+00:00","dateModified":"2025-08-18T19:37:18+00:00","description":"Communiqu\u00e9s, articles\u2026 D\u00e9couvrez les derni\u00e8res nouvelles de Glycovax Pharma.","breadcrumb":{"@id":"https:\/\/glycovax.com\/fr\/nouvelles\/#breadcrumb"},"inLanguage":"fr-FR","potentialAction":[{"@type":"ReadAction","target":["https:\/\/glycovax.com\/fr\/nouvelles\/"]}]},{"@type":"BreadcrumbList","@id":"https:\/\/glycovax.com\/fr\/nouvelles\/#breadcrumb","itemListElement":[{"@type":"ListItem","position":1,"name":"Home","item":"https:\/\/glycovax.com\/fr\/"},{"@type":"ListItem","position":2,"name":"Nouvelles"}]},{"@type":"WebSite","@id":"https:\/\/glycovax.com\/fr\/#website","url":"https:\/\/glycovax.com\/fr\/","name":"Glycovax Pharma","description":"Saving millions of lives by using the power of advanced medical nanotechnology.","publisher":{"@id":"https:\/\/glycovax.com\/fr\/#organization"},"alternateName":"Glycovax","potentialAction":[{"@type":"SearchAction","target":{"@type":"EntryPoint","urlTemplate":"https:\/\/glycovax.com\/fr\/?s={search_term_string}"},"query-input":{"@type":"PropertyValueSpecification","valueRequired":true,"valueName":"search_term_string"}}],"inLanguage":"fr-FR"},{"@type":"Organization","@id":"https:\/\/glycovax.com\/fr\/#organization","name":"Glycovax Pharma","alternateName":"Glycovax","url":"https:\/\/glycovax.com\/fr\/","logo":{"@type":"ImageObject","inLanguage":"fr-FR","@id":"https:\/\/glycovax.com\/fr\/#\/schema\/logo\/image\/","url":"https:\/\/glycovax.com\/wp-content\/uploads\/2025\/04\/Glycovax-Pharma-carre.png","contentUrl":"https:\/\/glycovax.com\/wp-content\/uploads\/2025\/04\/Glycovax-Pharma-carre.png","width":1200,"height":1200,"caption":"Glycovax Pharma"},"image":{"@id":"https:\/\/glycovax.com\/fr\/#\/schema\/logo\/image\/"}}]}},"_links":{"self":[{"href":"https:\/\/glycovax.com\/fr\/wp-json\/wp\/v2\/pages\/2425","targetHints":{"allow":["GET"]}}],"collection":[{"href":"https:\/\/glycovax.com\/fr\/wp-json\/wp\/v2\/pages"}],"about":[{"href":"https:\/\/glycovax.com\/fr\/wp-json\/wp\/v2\/types\/page"}],"author":[{"embeddable":true,"href":"https:\/\/glycovax.com\/fr\/wp-json\/wp\/v2\/users\/2"}],"replies":[{"embeddable":true,"href":"https:\/\/glycovax.com\/fr\/wp-json\/wp\/v2\/comments?post=2425"}],"version-history":[{"count":8,"href":"https:\/\/glycovax.com\/fr\/wp-json\/wp\/v2\/pages\/2425\/revisions"}],"predecessor-version":[{"id":2549,"href":"https:\/\/glycovax.com\/fr\/wp-json\/wp\/v2\/pages\/2425\/revisions\/2549"}],"wp:attachment":[{"href":"https:\/\/glycovax.com\/fr\/wp-json\/wp\/v2\/media?parent=2425"}],"curies":[{"name":"wp","href":"https:\/\/api.w.org\/{rel}","templated":true}]}}